{"id":1151,"date":"2016-02-04T09:40:53","date_gmt":"2016-02-04T14:40:53","guid":{"rendered":"https:\/\/cpvegoil.com\/?page_id=1151"},"modified":"2026-01-22T14:45:03","modified_gmt":"2026-01-22T19:45:03","slug":"reservoirs","status":"publish","type":"page","link":"https:\/\/cpvegoil.com\/quebec\/reservoirs\/","title":{"rendered":"R\u00e9servoirs"},"content":{"rendered":"<div class=\"wpb-content-wrapper\"><p>[vc_row parallax_speed=\u00a0\u00bb5&Prime; parallax_x=\u00a0\u00bb0&Prime; parallax_y=\u00a0\u00bb0&Prime; css=\u00a0\u00bb.vc_custom_1450382764358{padding-top: 40px !important;padding-bottom: 40px !important;background-color: #ffffff !important;}\u00a0\u00bb][vc_column width=\u00a0\u00bb1\/2&Prime;][vc_column_text css=\u00a0\u00bb.vc_custom_1454597568785{padding-bottom: 30px !important;}\u00a0\u00bb]<\/p>\n<h2><strong>R\u00e9servoirs<\/strong><\/h2>\n<h4 class=\"p1\"><strong><span style=\"color: #b8163d;\">Mod\u00e8les<\/span><\/strong><br \/>\n80 \/ 100 \/ 115 \/ 125 \/ 150\u00a0\/\u00a0175 \u00a0GI-A<\/h4>\n<p>[\/vc_column_text][vc_column_text css=\u00a0\u00bb.vc_custom_1460396081808{margin-bottom: 30px !important;}\u00a0\u00bb]<\/p>\n<h4>Sp\u00e9cifications g\u00e9n\u00e9rales<\/h4>\n<ul>\n<li>R\u00e9servoirs faits de r\u00e9sine de poly\u00e9thyl\u00e8ne (PEHD) alimentaire \u00e0 1,5G<\/li>\n<li>Graduation approximative en litres sur les r\u00e9servoirs<\/li>\n<li>Couvercle 8 pouces avec \u00e9vents<\/li>\n<li>Prot\u00e8ge-valve<\/li>\n<li>Robinet avec bille en acier inoxydable ou en polypropyl\u00e8ne<\/li>\n<li>Tuyauterie en polypropyl\u00e8ne 1 pouce<\/li>\n<li>Base en acier de 15 \u00e0 18 po de haut \/ peinture \u00e9poxy cuite<\/li>\n<\/ul>\n<p>[\/vc_column_text][vc_column_text css=\u00a0\u00bb.vc_custom_1460396102247{margin-bottom: 30px !important;}\u00a0\u00bb]<\/p>\n<h4>Accessoires ou options possibles<\/h4>\n<ul>\n<li>Robinet \u00e0 ressort (<em>spring valve<\/em>)<\/li>\n<li>\u00c9vent avec filtre \u00e0 poussi\u00e8re*<\/li>\n<li>Support \u00e0 roulettes (voir la <u>fiche technique<\/u>)*<\/li>\n<li>Pistolet de versage 1 pouce*<\/li>\n<li>Boyau \u00e0 usage alimentaire*<\/li>\n<li>Syst\u00e8me de livraison par pompe*<\/li>\n<li>Tuyauterie en acier inoxydable 304\/316*<\/li>\n<li>Base en acier inoxydable*<\/li>\n<\/ul>\n<p>[\/vc_column_text][vc_btn title=\u00a0\u00bbFiche technique\u00a0\u00bb align=\u00a0\u00bbleft\u00a0\u00bb i_icon_fontawesome=\u00a0\u00bbfa fa-file-pdf-o\u00a0\u00bb add_icon=\u00a0\u00bbtrue\u00a0\u00bb link=\u00a0\u00bburl:https%3A%2F%2Fcpvegoil.com%2Fquebec%2Fwp-content%2Fuploads%2F2016%2F02%2FDCP-Fiche-barils_FR.pdf||target:%20_blank\u00a0\u00bb][\/vc_column][vc_column width=\u00a0\u00bb1\/2&Prime;][vc_single_image image=\u00a0\u00bb1176&Prime; img_size=\u00a0\u00bbfull\u00a0\u00bb alignment=\u00a0\u00bbcenter\u00a0\u00bb][\/vc_column][\/vc_row][vc_row parallax_speed=\u00a0\u00bb5&Prime; parallax_x=\u00a0\u00bb0&Prime; parallax_y=\u00a0\u00bb0&Prime; css=\u00a0\u00bb.vc_custom_1450383002053{padding-top: 20px !important;background-color: #f4f4f4 !important;}\u00a0\u00bb][vc_column][vc_column_text]<\/p>\n<h4 class=\"p1\">Dimensions et capacit\u00e9s disponibles<\/h4>\n<table style=\"width: 100%;\">\n<tbody>\n<tr>\n<th bgcolor=\"#b81640\"><span style=\"color: #000000;\"><strong>Mod\u00e8le<\/strong><\/span><\/th>\n<th bgcolor=\"#b81640\"><span style=\"color: #000000;\"><strong>Capacit\u00e9<\/strong><\/span><\/th>\n<th bgcolor=\"#b81640\"><span style=\"color: #000000;\"><strong>Diam\u00e8tre<\/strong><\/span><\/th>\n<th bgcolor=\"#b81640\"><span style=\"color: #000000;\"><strong>Hauteur<\/strong><\/span><\/th>\n<\/tr>\n<tr>\n<td>80 GI-A<\/td>\n<td>365\u00a0l<\/td>\n<td>25 po<\/td>\n<td>80 po<\/td>\n<\/tr>\n<tr>\n<td>100 GI-A**<\/td>\n<td>455\u00a0l<\/td>\n<td>25 po<\/td>\n<td>90 po<\/td>\n<\/tr>\n<tr>\n<td>100 GI-A*<\/td>\n<td>455\u00a0l<\/td>\n<td>30 po<\/td>\n<td>63 po<\/td>\n<\/tr>\n<tr>\n<td>115 GI-A<\/td>\n<td>522\u00a0l<\/td>\n<td>30 po<\/td>\n<td>72 po<\/td>\n<\/tr>\n<tr>\n<td>125 GI-A<\/td>\n<td>570\u00a0l<\/td>\n<td>30 po<\/td>\n<td>78 po<\/td>\n<\/tr>\n<tr>\n<td>150 GI-A<\/td>\n<td>680\u00a0l<\/td>\n<td>30 po<\/td>\n<td>90 po<\/td>\n<\/tr>\n<tr>\n<td>175 GI-A<\/td>\n<td>800\u00a0l<\/td>\n<td>30 po<\/td>\n<td>95 po<\/td>\n<\/tr>\n<\/tbody>\n<\/table>\n<p>[\/vc_column_text][\/vc_column][\/vc_row][vc_row parallax_speed=\u00a0\u00bb5&Prime; parallax_x=\u00a0\u00bb0&Prime; parallax_y=\u00a0\u00bb0&Prime; css=\u00a0\u00bb.vc_custom_1450382960902{padding-top: 40px !important;padding-bottom: 40px !important;background-color: #f4f4f4 !important;}\u00a0\u00bb][vc_column][vc_separator][\/vc_column][\/vc_row][vc_row parallax_speed=\u00a0\u00bb5&Prime; parallax_x=\u00a0\u00bb0&Prime; parallax_y=\u00a0\u00bb0&Prime; css=\u00a0\u00bb.vc_custom_1450382936463{padding-bottom: 40px !important;background-color: #f4f4f4 !important;}\u00a0\u00bb][vc_column][vc_column_text]<\/p>\n<p class=\"p1\">* Des frais suppl\u00e9mentaires peuvent s\u2019appliquer<\/p>\n<p>** Si stock en r\u00e9serve[\/vc_column_text][\/vc_column][\/vc_row][vc_row parallax_speed=\u00a0\u00bb5&Prime; parallax_x=\u00a0\u00bb0&Prime; parallax_y=\u00a0\u00bb0&Prime; css=\u00a0\u00bb.vc_custom_1450361396965{margin-bottom: 0px !important;border-bottom-width: 0px !important;padding-top: 30px !important;padding-bottom: 0px !important;background-color: #ffffff !important;background-position: center !important;background-repeat: no-repeat !important;background-size: cover !important;}\u00a0\u00bb][vc_column][vc_row_inner css=\u00a0\u00bb.vc_custom_1447003704351{margin-bottom: 0px !important;border-bottom-width: 0px !important;padding-bottom: 0px !important;}\u00a0\u00bb][vc_column_inner width=\u00a0\u00bb3\/6&Prime; css=\u00a0\u00bb.vc_custom_1449852094649{padding-top: 10px !important;}\u00a0\u00bb][vc_column_text css=\u00a0\u00bb.vc_custom_1450361375881{padding-top: 10px !important;}\u00a0\u00bb]<\/p>\n<h3 style=\"text-align: center;\">Nos certifications<\/h3>\n<p>[\/vc_column_text][\/vc_column_inner][vc_column_inner width=\u00a0\u00bb1\/6&Prime;][vc_single_image image=\u00a0\u00bb1019&Prime; img_size=\u00a0\u00bbfull\u00a0\u00bb alignment=\u00a0\u00bbcenter\u00a0\u00bb][\/vc_column_inner][vc_column_inner width=\u00a0\u00bb1\/6&Prime;][vc_single_image image=\u00a0\u00bb1020&Prime; img_size=\u00a0\u00bbfull\u00a0\u00bb alignment=\u00a0\u00bbcenter\u00a0\u00bb][\/vc_column_inner][vc_column_inner width=\u00a0\u00bb1\/6&Prime;][vc_single_image image=\u00a0\u00bb1021&Prime; img_size=\u00a0\u00bbfull\u00a0\u00bb alignment=\u00a0\u00bbcenter\u00a0\u00bb][\/vc_column_inner][\/vc_row_inner][\/vc_column][\/vc_row]<\/p>\n<\/div>","protected":false},"excerpt":{"rendered":"<p>[vc_row parallax_speed=\u00a0\u00bb5&Prime; parallax_x=\u00a0\u00bb0&Prime; parallax_y=\u00a0\u00bb0&Prime; css=\u00a0\u00bb.vc_custom_1450382764358{padding-top: 40px !important;padding-bottom: 40px !important;background-color: #ffffff !important;}\u00a0\u00bb][vc_column width=\u00a0\u00bb1\/2&Prime;][vc_column_text css=\u00a0\u00bb.vc_custom_1454597568785{padding-bottom: 30px !important;}\u00a0\u00bb] R\u00e9servoirs Mod\u00e8les 80 \/ 100 [&hellip;]<\/p>\n","protected":false},"author":101014,"featured_media":0,"parent":0,"menu_order":0,"comment_status":"closed","ping_status":"closed","template":"","meta":{"site-sidebar-layout":"no-sidebar","site-content-layout":"plain-container","ast-site-content-layout":"default","site-content-style":"default","site-sidebar-style":"default","ast-global-header-display":"","ast-banner-title-visibility":"","ast-main-header-display":"","ast-hfb-above-header-display":"","ast-hfb-below-header-display":"","ast-hfb-mobile-header-display":"","site-post-title":"disabled","ast-breadcrumbs-content":"","ast-featured-img":"disabled","footer-sml-layout":"","ast-disable-related-posts":"","theme-transparent-header-meta":"default","adv-header-id-meta":"","stick-header-meta":"","header-above-stick-meta":"","header-main-stick-meta":"","header-below-stick-meta":"","astra-migrate-meta-layouts":"default","ast-page-background-enabled":"default","ast-page-background-meta":{"desktop":{"background-color":"var(--ast-global-color-5)","background-image":"","background-repeat":"repeat","background-position":"center center","background-size":"auto","background-attachment":"scroll","background-type":"","background-media":"","overlay-type":"","overlay-color":"","overlay-opacity":"","overlay-gradient":""},"tablet":{"background-color":"","background-image":"","background-repeat":"repeat","background-position":"center center","background-size":"auto","background-attachment":"scroll","background-type":"","background-media":"","overlay-type":"","overlay-color":"","overlay-opacity":"","overlay-gradient":""},"mobile":{"background-color":"","background-image":"","background-repeat":"repeat","background-position":"center center","background-size":"auto","background-attachment":"scroll","background-type":"","background-media":"","overlay-type":"","overlay-color":"","overlay-opacity":"","overlay-gradient":""}},"ast-content-background-meta":{"desktop":{"background-color":"var(--ast-global-color-4)","background-image":"","background-repeat":"repeat","background-position":"center center","background-size":"auto","background-attachment":"scroll","background-type":"","background-media":"","overlay-type":"","overlay-color":"","overlay-opacity":"","overlay-gradient":""},"tablet":{"background-color":"var(--ast-global-color-4)","background-image":"","background-repeat":"repeat","background-position":"center center","background-size":"auto","background-attachment":"scroll","background-type":"","background-media":"","overlay-type":"","overlay-color":"","overlay-opacity":"","overlay-gradient":""},"mobile":{"background-color":"var(--ast-global-color-4)","background-image":"","background-repeat":"repeat","background-position":"center center","background-size":"auto","background-attachment":"scroll","background-type":"","background-media":"","overlay-type":"","overlay-color":"","overlay-opacity":"","overlay-gradient":""}},"footnotes":""},"class_list":["post-1151","page","type-page","status-publish","hentry"],"yoast_head":"<!-- This site is optimized with the Yoast SEO plugin v27.3 - https:\/\/yoast.com\/product\/yoast-seo-wordpress\/ -->\n<title>R\u00e9servoirs - Les huiles v\u00e9g\u00e9tales C.P. Inc.<\/title>\n<meta name=\"robots\" content=\"index, follow, max-snippet:-1, max-image-preview:large, max-video-preview:-1\" \/>\n<link rel=\"canonical\" href=\"https:\/\/cpvegoil.com\/quebec\/reservoirs\/\" \/>\n<meta property=\"og:locale\" content=\"fr_CA\" \/>\n<meta property=\"og:type\" content=\"article\" \/>\n<meta property=\"og:title\" content=\"R\u00e9servoirs - Les huiles v\u00e9g\u00e9tales C.P. Inc.\" \/>\n<meta property=\"og:description\" content=\"[vc_row parallax_speed=\u00a0\u00bb5&Prime; parallax_x=\u00a0\u00bb0&Prime; parallax_y=\u00a0\u00bb0&Prime; css=\u00a0\u00bb.vc_custom_1450382764358{padding-top: 40px !important;padding-bottom: 40px !important;background-color: #ffffff !important;}\u00a0\u00bb][vc_column width=\u00a0\u00bb1\/2&Prime;][vc_column_text css=\u00a0\u00bb.vc_custom_1454597568785{padding-bottom: 30px !important;}\u00a0\u00bb] R\u00e9servoirs Mod\u00e8les 80 \/ 100 [&hellip;]\" \/>\n<meta property=\"og:url\" content=\"https:\/\/cpvegoil.com\/quebec\/reservoirs\/\" \/>\n<meta property=\"og:site_name\" content=\"Les huiles v\u00e9g\u00e9tales C.P. Inc.\" \/>\n<meta property=\"article:modified_time\" content=\"2026-01-22T19:45:03+00:00\" \/>\n<meta name=\"twitter:card\" content=\"summary_large_image\" \/>\n<meta name=\"twitter:label1\" content=\"Estimation du temps de lecture\" \/>\n\t<meta name=\"twitter:data1\" content=\"2 minutes\" \/>\n<script type=\"application\/ld+json\" class=\"yoast-schema-graph\">{\"@context\":\"https:\\\/\\\/schema.org\",\"@graph\":[{\"@type\":\"WebPage\",\"@id\":\"https:\\\/\\\/cpvegoil.com\\\/quebec\\\/reservoirs\\\/\",\"url\":\"https:\\\/\\\/cpvegoil.com\\\/quebec\\\/reservoirs\\\/\",\"name\":\"R\u00e9servoirs - Les huiles v\u00e9g\u00e9tales C.P. Inc.\",\"isPartOf\":{\"@id\":\"https:\\\/\\\/cpvegoil.com\\\/quebec\\\/#website\"},\"datePublished\":\"2016-02-04T14:40:53+00:00\",\"dateModified\":\"2026-01-22T19:45:03+00:00\",\"breadcrumb\":{\"@id\":\"https:\\\/\\\/cpvegoil.com\\\/quebec\\\/reservoirs\\\/#breadcrumb\"},\"inLanguage\":\"fr-CA\",\"potentialAction\":[{\"@type\":\"ReadAction\",\"target\":[\"https:\\\/\\\/cpvegoil.com\\\/quebec\\\/reservoirs\\\/\"]}]},{\"@type\":\"BreadcrumbList\",\"@id\":\"https:\\\/\\\/cpvegoil.com\\\/quebec\\\/reservoirs\\\/#breadcrumb\",\"itemListElement\":[{\"@type\":\"ListItem\",\"position\":1,\"name\":\"Accueil\",\"item\":\"https:\\\/\\\/cpvegoil.com\\\/quebec\\\/\"},{\"@type\":\"ListItem\",\"position\":2,\"name\":\"R\u00e9servoirs\"}]},{\"@type\":\"WebSite\",\"@id\":\"https:\\\/\\\/cpvegoil.com\\\/quebec\\\/#website\",\"url\":\"https:\\\/\\\/cpvegoil.com\\\/quebec\\\/\",\"name\":\"Les huiles v\u00e9g\u00e9tales C.P. Inc.\",\"description\":\"Nos clients, Notre priorit\u00e9\",\"publisher\":{\"@id\":\"https:\\\/\\\/cpvegoil.com\\\/quebec\\\/#organization\"},\"potentialAction\":[{\"@type\":\"SearchAction\",\"target\":{\"@type\":\"EntryPoint\",\"urlTemplate\":\"https:\\\/\\\/cpvegoil.com\\\/quebec\\\/?s={search_term_string}\"},\"query-input\":{\"@type\":\"PropertyValueSpecification\",\"valueRequired\":true,\"valueName\":\"search_term_string\"}}],\"inLanguage\":\"fr-CA\"},{\"@type\":\"Organization\",\"@id\":\"https:\\\/\\\/cpvegoil.com\\\/quebec\\\/#organization\",\"name\":\"Les huiles v\u00e9g\u00e9tales C.P. Inc.\",\"url\":\"https:\\\/\\\/cpvegoil.com\\\/quebec\\\/\",\"logo\":{\"@type\":\"ImageObject\",\"inLanguage\":\"fr-CA\",\"@id\":\"https:\\\/\\\/cpvegoil.com\\\/quebec\\\/#\\\/schema\\\/logo\\\/image\\\/\",\"url\":\"https:\\\/\\\/cpvegoil.com\\\/quebec\\\/wp-content\\\/uploads\\\/2015\\\/09\\\/logo-cp.png\",\"contentUrl\":\"https:\\\/\\\/cpvegoil.com\\\/quebec\\\/wp-content\\\/uploads\\\/2015\\\/09\\\/logo-cp.png\",\"width\":229,\"height\":144,\"caption\":\"Les huiles v\u00e9g\u00e9tales C.P. Inc.\"},\"image\":{\"@id\":\"https:\\\/\\\/cpvegoil.com\\\/quebec\\\/#\\\/schema\\\/logo\\\/image\\\/\"}}]}<\/script>\n<!-- \/ Yoast SEO plugin. -->","yoast_head_json":{"title":"R\u00e9servoirs - Les huiles v\u00e9g\u00e9tales C.P. Inc.","robots":{"index":"index","follow":"follow","max-snippet":"max-snippet:-1","max-image-preview":"max-image-preview:large","max-video-preview":"max-video-preview:-1"},"canonical":"https:\/\/cpvegoil.com\/quebec\/reservoirs\/","og_locale":"fr_CA","og_type":"article","og_title":"R\u00e9servoirs - Les huiles v\u00e9g\u00e9tales C.P. Inc.","og_description":"[vc_row parallax_speed=\u00a0\u00bb5&Prime; parallax_x=\u00a0\u00bb0&Prime; parallax_y=\u00a0\u00bb0&Prime; css=\u00a0\u00bb.vc_custom_1450382764358{padding-top: 40px !important;padding-bottom: 40px !important;background-color: #ffffff !important;}\u00a0\u00bb][vc_column width=\u00a0\u00bb1\/2&Prime;][vc_column_text css=\u00a0\u00bb.vc_custom_1454597568785{padding-bottom: 30px !important;}\u00a0\u00bb] R\u00e9servoirs Mod\u00e8les 80 \/ 100 [&hellip;]","og_url":"https:\/\/cpvegoil.com\/quebec\/reservoirs\/","og_site_name":"Les huiles v\u00e9g\u00e9tales C.P. Inc.","article_modified_time":"2026-01-22T19:45:03+00:00","twitter_card":"summary_large_image","twitter_misc":{"Estimation du temps de lecture":"2 minutes"},"schema":{"@context":"https:\/\/schema.org","@graph":[{"@type":"WebPage","@id":"https:\/\/cpvegoil.com\/quebec\/reservoirs\/","url":"https:\/\/cpvegoil.com\/quebec\/reservoirs\/","name":"R\u00e9servoirs - Les huiles v\u00e9g\u00e9tales C.P. Inc.","isPartOf":{"@id":"https:\/\/cpvegoil.com\/quebec\/#website"},"datePublished":"2016-02-04T14:40:53+00:00","dateModified":"2026-01-22T19:45:03+00:00","breadcrumb":{"@id":"https:\/\/cpvegoil.com\/quebec\/reservoirs\/#breadcrumb"},"inLanguage":"fr-CA","potentialAction":[{"@type":"ReadAction","target":["https:\/\/cpvegoil.com\/quebec\/reservoirs\/"]}]},{"@type":"BreadcrumbList","@id":"https:\/\/cpvegoil.com\/quebec\/reservoirs\/#breadcrumb","itemListElement":[{"@type":"ListItem","position":1,"name":"Accueil","item":"https:\/\/cpvegoil.com\/quebec\/"},{"@type":"ListItem","position":2,"name":"R\u00e9servoirs"}]},{"@type":"WebSite","@id":"https:\/\/cpvegoil.com\/quebec\/#website","url":"https:\/\/cpvegoil.com\/quebec\/","name":"Les huiles v\u00e9g\u00e9tales C.P. Inc.","description":"Nos clients, Notre priorit\u00e9","publisher":{"@id":"https:\/\/cpvegoil.com\/quebec\/#organization"},"potentialAction":[{"@type":"SearchAction","target":{"@type":"EntryPoint","urlTemplate":"https:\/\/cpvegoil.com\/quebec\/?s={search_term_string}"},"query-input":{"@type":"PropertyValueSpecification","valueRequired":true,"valueName":"search_term_string"}}],"inLanguage":"fr-CA"},{"@type":"Organization","@id":"https:\/\/cpvegoil.com\/quebec\/#organization","name":"Les huiles v\u00e9g\u00e9tales C.P. Inc.","url":"https:\/\/cpvegoil.com\/quebec\/","logo":{"@type":"ImageObject","inLanguage":"fr-CA","@id":"https:\/\/cpvegoil.com\/quebec\/#\/schema\/logo\/image\/","url":"https:\/\/cpvegoil.com\/quebec\/wp-content\/uploads\/2015\/09\/logo-cp.png","contentUrl":"https:\/\/cpvegoil.com\/quebec\/wp-content\/uploads\/2015\/09\/logo-cp.png","width":229,"height":144,"caption":"Les huiles v\u00e9g\u00e9tales C.P. Inc."},"image":{"@id":"https:\/\/cpvegoil.com\/quebec\/#\/schema\/logo\/image\/"}}]}},"_links":{"self":[{"href":"https:\/\/cpvegoil.com\/quebec\/wp-json\/wp\/v2\/pages\/1151","targetHints":{"allow":["GET"]}}],"collection":[{"href":"https:\/\/cpvegoil.com\/quebec\/wp-json\/wp\/v2\/pages"}],"about":[{"href":"https:\/\/cpvegoil.com\/quebec\/wp-json\/wp\/v2\/types\/page"}],"author":[{"embeddable":true,"href":"https:\/\/cpvegoil.com\/quebec\/wp-json\/wp\/v2\/users\/101014"}],"replies":[{"embeddable":true,"href":"https:\/\/cpvegoil.com\/quebec\/wp-json\/wp\/v2\/comments?post=1151"}],"version-history":[{"count":33,"href":"https:\/\/cpvegoil.com\/quebec\/wp-json\/wp\/v2\/pages\/1151\/revisions"}],"predecessor-version":[{"id":1593,"href":"https:\/\/cpvegoil.com\/quebec\/wp-json\/wp\/v2\/pages\/1151\/revisions\/1593"}],"wp:attachment":[{"href":"https:\/\/cpvegoil.com\/quebec\/wp-json\/wp\/v2\/media?parent=1151"}],"curies":[{"name":"wp","href":"https:\/\/api.w.org\/{rel}","templated":true}]}}