{"id":1786,"date":"2026-01-22T14:50:48","date_gmt":"2026-01-22T19:50:48","guid":{"rendered":"https:\/\/cpvegoil.com\/?page_id=1786"},"modified":"2026-01-26T09:14:50","modified_gmt":"2026-01-26T14:14:50","slug":"about-us","status":"publish","type":"page","link":"https:\/\/cpvegoil.com\/quebec\/en\/about-us\/","title":{"rendered":"About us"},"content":{"rendered":"<div class=\"wpb-content-wrapper\"><p>[vc_row parallax_speed=\u00a0\u00bb5&Prime; parallax_x=\u00a0\u00bb0&Prime; parallax_y=\u00a0\u00bb0&Prime; css=\u00a0\u00bb.vc_custom_1447004843953{padding-bottom: 40px !important;background-color: #ffffff !important;}\u00a0\u00bb][vc_column][vc_column_text css=\u00a0\u00bb\u00a0\u00bb]<\/p>\n<blockquote>\n<p style=\"text-align: center;\">The CP Vegetable Oils team is proud to have been supplying its bulk vegetable oils and shortenings to more than 3,000 food companies for over 30 years, primarily based in Quebec and Ontario.<\/p>\n<\/blockquote>\n<p>[\/vc_column_text][\/vc_column][\/vc_row][vc_row parallax_speed=\u00a0\u00bb5&Prime; parallax_x=\u00a0\u00bb0&Prime; parallax_y=\u00a0\u00bb0&Prime; css=\u00a0\u00bb.vc_custom_1447004943374{padding-top: 30px !important;padding-bottom: 0px !important;background-color: #f4f4f4 !important;}\u00a0\u00bb][vc_column][vc_row_inner][vc_column_inner width=\u00a0\u00bb1\/2&Prime;][vc_column_text css=\u00a0\u00bb\u00a0\u00bb]<\/p>\n<h4>The best products and the best service<\/h4>\n<p>Specialists in vegetable oils for three decades, we provide the best products and the best service in the industry. We operate the largest bulk vegetable oil distribution network in Quebec and Ontario. Only products from the world\u2019s top suppliers are offered. In addition, we work with highly recognized manufacturers to provide a range of specialty products, such as non-GMO canola oil, olive oils, and several types of organic oils.<\/p>\n<p>&nbsp;[\/vc_column_text][\/vc_column_inner][vc_column_inner width=\u00a0\u00bb1\/2&Prime;][vc_column_text css=\u00a0\u00bb\u00a0\u00bb]<\/p>\n<h4>Constant innovation<\/h4>\n<p>What sets us apart: constant innovation in delivery and inventory management optimization. We have developed a delivery system that is simple, fast, reliable, and highly efficient. Our distribution network, specialized trucks, and advanced management system allow us to supply our customers with the products they want, on time and in the right quantities.[\/vc_column_text][\/vc_column_inner][\/vc_row_inner][\/vc_column][\/vc_row][vc_row parallax_speed=\u00a0\u00bb5&Prime; parallax_x=\u00a0\u00bb0&Prime; parallax_y=\u00a0\u00bb0&Prime; css=\u00a0\u00bb.vc_custom_1447004901194{padding-top: 30px !important;padding-bottom: 20px !important;background-color: #f4f4f4 !important;}\u00a0\u00bb][vc_column width=\u00a0\u00bb1\/2&Prime;][vc_separator border_width=\u00a0\u00bb2&Prime;][\/vc_column][vc_column width=\u00a0\u00bb1\/2&Prime;][vc_separator border_width=\u00a0\u00bb2&Prime;][\/vc_column][\/vc_row][vc_row parallax_speed=\u00a0\u00bb5&Prime; parallax_x=\u00a0\u00bb0&Prime; parallax_y=\u00a0\u00bb0&Prime; css=\u00a0\u00bb.vc_custom_1447004907597{padding-bottom: 50px !important;background-color: #f4f4f4 !important;}\u00a0\u00bb][vc_column width=\u00a0\u00bb1\/2&Prime;][vc_column_text css=\u00a0\u00bb\u00a0\u00bb]<\/p>\n<h4>QUALITY CONTROL<\/h4>\n<p>Quality is our core corporate value. Proud to contribute to your business success, we exclusively offer and deliver vegetable oils and shortenings of impeccable quality, outstanding consistency, and full traceability. In terms of sanitary standards, we supply products that meet the highest current food safety standards and work closely with your company\u2019s quality assurance team to ensure full compliance with your internal requirements.[\/vc_column_text][\/vc_column][vc_column width=\u00a0\u00bb1\/2&Prime;][vc_column_text css=\u00a0\u00bb\u00a0\u00bb]<\/p>\n<h4>Our values<\/h4>\n<p data-start=\"0\" data-end=\"164\">At CP Vegetable Oils, we are driven by innovation, value our people, provide them with a healthy work environment, and ensure exceptional service for our customers.<\/p>\n<ul data-start=\"166\" data-end=\"529\" data-is-last-node=\"\" data-is-only-node=\"\">\n<li data-start=\"166\" data-end=\"239\">\n<p data-start=\"168\" data-end=\"239\">A passion for customer service and active listening to customer needs<\/p>\n<\/li>\n<li data-start=\"240\" data-end=\"317\">\n<p data-start=\"242\" data-end=\"317\">Recognition of individual and collective achievements of our team members<\/p>\n<\/li>\n<li data-start=\"318\" data-end=\"370\">\n<p data-start=\"320\" data-end=\"370\">Encouraging greater autonomy among our employees<\/p>\n<\/li>\n<li data-start=\"371\" data-end=\"441\">\n<p data-start=\"373\" data-end=\"441\">Ongoing pursuit of innovation to improve our products and services<\/p>\n<\/li>\n<li data-start=\"442\" data-end=\"529\" data-is-last-node=\"\">\n<p data-start=\"444\" data-end=\"529\" data-is-last-node=\"\">Environmental stewardship through the selection of eco-friendly products and services<\/p>\n<\/li>\n<\/ul>\n<p>&nbsp;[\/vc_column_text][\/vc_column][\/vc_row][vc_row parallax_speed=\u00a0\u00bb5&Prime; parallax_x=\u00a0\u00bb0&Prime; parallax_y=\u00a0\u00bb0&Prime; css=\u00a0\u00bb.vc_custom_1447004921637{padding-top: 30px !important;padding-bottom: 40px !important;background-color: #ffffff !important;}\u00a0\u00bb][vc_column][vc_column_text css=\u00a0\u00bb\u00a0\u00bb]<\/p>\n<blockquote>\n<p style=\"text-align: center;\">Quality, performance, innovation, humanity, and environmental stewardship: these are the principles that guide our efforts to deliver excellence to you.<\/p>\n<\/blockquote>\n<p>[\/vc_column_text][\/vc_column][\/vc_row]<\/p>\n<\/div>","protected":false},"excerpt":{"rendered":"<p>[vc_row parallax_speed=\u00a0\u00bb5&Prime; parallax_x=\u00a0\u00bb0&Prime; parallax_y=\u00a0\u00bb0&Prime; css=\u00a0\u00bb.vc_custom_1447004843953{padding-bottom: 40px !important;background-color: #ffffff !important;}\u00a0\u00bb][vc_column][vc_column_text css=\u00a0\u00bb\u00a0\u00bb] The CP Vegetable Oils team is proud to have been [&hellip;]<\/p>\n","protected":false},"author":101014,"featured_media":0,"parent":0,"menu_order":0,"comment_status":"closed","ping_status":"closed","template":"","meta":{"site-sidebar-layout":"no-sidebar","site-content-layout":"plain-container","ast-site-content-layout":"default","site-content-style":"default","site-sidebar-style":"default","ast-global-header-display":"","ast-banner-title-visibility":"","ast-main-header-display":"","ast-hfb-above-header-display":"","ast-hfb-below-header-display":"","ast-hfb-mobile-header-display":"","site-post-title":"disabled","ast-breadcrumbs-content":"","ast-featured-img":"disabled","footer-sml-layout":"","ast-disable-related-posts":"","theme-transparent-header-meta":"default","adv-header-id-meta":"","stick-header-meta":"","header-above-stick-meta":"","header-main-stick-meta":"","header-below-stick-meta":"","astra-migrate-meta-layouts":"set","ast-page-background-enabled":"default","ast-page-background-meta":{"desktop":{"background-color":"var(--ast-global-color-5)","background-image":"","background-repeat":"repeat","background-position":"center center","background-size":"auto","background-attachment":"scroll","background-type":"","background-media":"","overlay-type":"","overlay-color":"","overlay-opacity":"","overlay-gradient":""},"tablet":{"background-color":"","background-image":"","background-repeat":"repeat","background-position":"center center","background-size":"auto","background-attachment":"scroll","background-type":"","background-media":"","overlay-type":"","overlay-color":"","overlay-opacity":"","overlay-gradient":""},"mobile":{"background-color":"","background-image":"","background-repeat":"repeat","background-position":"center center","background-size":"auto","background-attachment":"scroll","background-type":"","background-media":"","overlay-type":"","overlay-color":"","overlay-opacity":"","overlay-gradient":""}},"ast-content-background-meta":{"desktop":{"background-color":"var(--ast-global-color-4)","background-image":"","background-repeat":"repeat","background-position":"center center","background-size":"auto","background-attachment":"scroll","background-type":"","background-media":"","overlay-type":"","overlay-color":"","overlay-opacity":"","overlay-gradient":""},"tablet":{"background-color":"var(--ast-global-color-4)","background-image":"","background-repeat":"repeat","background-position":"center center","background-size":"auto","background-attachment":"scroll","background-type":"","background-media":"","overlay-type":"","overlay-color":"","overlay-opacity":"","overlay-gradient":""},"mobile":{"background-color":"var(--ast-global-color-4)","background-image":"","background-repeat":"repeat","background-position":"center center","background-size":"auto","background-attachment":"scroll","background-type":"","background-media":"","overlay-type":"","overlay-color":"","overlay-opacity":"","overlay-gradient":""}},"footnotes":""},"class_list":["post-1786","page","type-page","status-publish","hentry"],"yoast_head":"<!-- This site is optimized with the Yoast SEO plugin v27.3 - https:\/\/yoast.com\/product\/yoast-seo-wordpress\/ -->\n<title>About us - Les huiles v\u00e9g\u00e9tales C.P. Inc.<\/title>\n<meta name=\"robots\" content=\"index, follow, max-snippet:-1, max-image-preview:large, max-video-preview:-1\" \/>\n<link rel=\"canonical\" href=\"https:\/\/cpvegoil.com\/quebec\/en\/about-us\/\" \/>\n<meta property=\"og:locale\" content=\"fr_CA\" \/>\n<meta property=\"og:type\" content=\"article\" \/>\n<meta property=\"og:title\" content=\"About us - Les huiles v\u00e9g\u00e9tales C.P. Inc.\" \/>\n<meta property=\"og:description\" content=\"[vc_row parallax_speed=\u00a0\u00bb5&Prime; parallax_x=\u00a0\u00bb0&Prime; parallax_y=\u00a0\u00bb0&Prime; css=\u00a0\u00bb.vc_custom_1447004843953{padding-bottom: 40px !important;background-color: #ffffff !important;}\u00a0\u00bb][vc_column][vc_column_text css=\u00a0\u00bb\u00a0\u00bb] The CP Vegetable Oils team is proud to have been [&hellip;]\" \/>\n<meta property=\"og:url\" content=\"https:\/\/cpvegoil.com\/quebec\/en\/about-us\/\" \/>\n<meta property=\"og:site_name\" content=\"Les huiles v\u00e9g\u00e9tales C.P. Inc.\" \/>\n<meta property=\"article:modified_time\" content=\"2026-01-26T14:14:50+00:00\" \/>\n<meta name=\"twitter:card\" content=\"summary_large_image\" \/>\n<meta name=\"twitter:label1\" content=\"Estimation du temps de lecture\" \/>\n\t<meta name=\"twitter:data1\" content=\"2 minutes\" \/>\n<script type=\"application\/ld+json\" class=\"yoast-schema-graph\">{\"@context\":\"https:\\\/\\\/schema.org\",\"@graph\":[{\"@type\":\"WebPage\",\"@id\":\"https:\\\/\\\/cpvegoil.com\\\/quebec\\\/en\\\/about-us\\\/\",\"url\":\"https:\\\/\\\/cpvegoil.com\\\/quebec\\\/en\\\/about-us\\\/\",\"name\":\"About us - Les huiles v\u00e9g\u00e9tales C.P. Inc.\",\"isPartOf\":{\"@id\":\"https:\\\/\\\/cpvegoil.com\\\/quebec\\\/#website\"},\"datePublished\":\"2026-01-22T19:50:48+00:00\",\"dateModified\":\"2026-01-26T14:14:50+00:00\",\"breadcrumb\":{\"@id\":\"https:\\\/\\\/cpvegoil.com\\\/quebec\\\/en\\\/about-us\\\/#breadcrumb\"},\"inLanguage\":\"fr-CA\",\"potentialAction\":[{\"@type\":\"ReadAction\",\"target\":[\"https:\\\/\\\/cpvegoil.com\\\/quebec\\\/en\\\/about-us\\\/\"]}]},{\"@type\":\"BreadcrumbList\",\"@id\":\"https:\\\/\\\/cpvegoil.com\\\/quebec\\\/en\\\/about-us\\\/#breadcrumb\",\"itemListElement\":[{\"@type\":\"ListItem\",\"position\":1,\"name\":\"Accueil\",\"item\":\"https:\\\/\\\/cpvegoil.com\\\/quebec\\\/\"},{\"@type\":\"ListItem\",\"position\":2,\"name\":\"About us\"}]},{\"@type\":\"WebSite\",\"@id\":\"https:\\\/\\\/cpvegoil.com\\\/quebec\\\/#website\",\"url\":\"https:\\\/\\\/cpvegoil.com\\\/quebec\\\/\",\"name\":\"Les huiles v\u00e9g\u00e9tales C.P. Inc.\",\"description\":\"Nos clients, Notre priorit\u00e9\",\"publisher\":{\"@id\":\"https:\\\/\\\/cpvegoil.com\\\/quebec\\\/#organization\"},\"potentialAction\":[{\"@type\":\"SearchAction\",\"target\":{\"@type\":\"EntryPoint\",\"urlTemplate\":\"https:\\\/\\\/cpvegoil.com\\\/quebec\\\/?s={search_term_string}\"},\"query-input\":{\"@type\":\"PropertyValueSpecification\",\"valueRequired\":true,\"valueName\":\"search_term_string\"}}],\"inLanguage\":\"fr-CA\"},{\"@type\":\"Organization\",\"@id\":\"https:\\\/\\\/cpvegoil.com\\\/quebec\\\/#organization\",\"name\":\"Les huiles v\u00e9g\u00e9tales C.P. Inc.\",\"url\":\"https:\\\/\\\/cpvegoil.com\\\/quebec\\\/\",\"logo\":{\"@type\":\"ImageObject\",\"inLanguage\":\"fr-CA\",\"@id\":\"https:\\\/\\\/cpvegoil.com\\\/quebec\\\/#\\\/schema\\\/logo\\\/image\\\/\",\"url\":\"https:\\\/\\\/cpvegoil.com\\\/quebec\\\/wp-content\\\/uploads\\\/2015\\\/09\\\/logo-cp.png\",\"contentUrl\":\"https:\\\/\\\/cpvegoil.com\\\/quebec\\\/wp-content\\\/uploads\\\/2015\\\/09\\\/logo-cp.png\",\"width\":229,\"height\":144,\"caption\":\"Les huiles v\u00e9g\u00e9tales C.P. Inc.\"},\"image\":{\"@id\":\"https:\\\/\\\/cpvegoil.com\\\/quebec\\\/#\\\/schema\\\/logo\\\/image\\\/\"}}]}<\/script>\n<!-- \/ Yoast SEO plugin. -->","yoast_head_json":{"title":"About us - Les huiles v\u00e9g\u00e9tales C.P. Inc.","robots":{"index":"index","follow":"follow","max-snippet":"max-snippet:-1","max-image-preview":"max-image-preview:large","max-video-preview":"max-video-preview:-1"},"canonical":"https:\/\/cpvegoil.com\/quebec\/en\/about-us\/","og_locale":"fr_CA","og_type":"article","og_title":"About us - Les huiles v\u00e9g\u00e9tales C.P. Inc.","og_description":"[vc_row parallax_speed=\u00a0\u00bb5&Prime; parallax_x=\u00a0\u00bb0&Prime; parallax_y=\u00a0\u00bb0&Prime; css=\u00a0\u00bb.vc_custom_1447004843953{padding-bottom: 40px !important;background-color: #ffffff !important;}\u00a0\u00bb][vc_column][vc_column_text css=\u00a0\u00bb\u00a0\u00bb] The CP Vegetable Oils team is proud to have been [&hellip;]","og_url":"https:\/\/cpvegoil.com\/quebec\/en\/about-us\/","og_site_name":"Les huiles v\u00e9g\u00e9tales C.P. Inc.","article_modified_time":"2026-01-26T14:14:50+00:00","twitter_card":"summary_large_image","twitter_misc":{"Estimation du temps de lecture":"2 minutes"},"schema":{"@context":"https:\/\/schema.org","@graph":[{"@type":"WebPage","@id":"https:\/\/cpvegoil.com\/quebec\/en\/about-us\/","url":"https:\/\/cpvegoil.com\/quebec\/en\/about-us\/","name":"About us - Les huiles v\u00e9g\u00e9tales C.P. Inc.","isPartOf":{"@id":"https:\/\/cpvegoil.com\/quebec\/#website"},"datePublished":"2026-01-22T19:50:48+00:00","dateModified":"2026-01-26T14:14:50+00:00","breadcrumb":{"@id":"https:\/\/cpvegoil.com\/quebec\/en\/about-us\/#breadcrumb"},"inLanguage":"fr-CA","potentialAction":[{"@type":"ReadAction","target":["https:\/\/cpvegoil.com\/quebec\/en\/about-us\/"]}]},{"@type":"BreadcrumbList","@id":"https:\/\/cpvegoil.com\/quebec\/en\/about-us\/#breadcrumb","itemListElement":[{"@type":"ListItem","position":1,"name":"Accueil","item":"https:\/\/cpvegoil.com\/quebec\/"},{"@type":"ListItem","position":2,"name":"About us"}]},{"@type":"WebSite","@id":"https:\/\/cpvegoil.com\/quebec\/#website","url":"https:\/\/cpvegoil.com\/quebec\/","name":"Les huiles v\u00e9g\u00e9tales C.P. Inc.","description":"Nos clients, Notre priorit\u00e9","publisher":{"@id":"https:\/\/cpvegoil.com\/quebec\/#organization"},"potentialAction":[{"@type":"SearchAction","target":{"@type":"EntryPoint","urlTemplate":"https:\/\/cpvegoil.com\/quebec\/?s={search_term_string}"},"query-input":{"@type":"PropertyValueSpecification","valueRequired":true,"valueName":"search_term_string"}}],"inLanguage":"fr-CA"},{"@type":"Organization","@id":"https:\/\/cpvegoil.com\/quebec\/#organization","name":"Les huiles v\u00e9g\u00e9tales C.P. Inc.","url":"https:\/\/cpvegoil.com\/quebec\/","logo":{"@type":"ImageObject","inLanguage":"fr-CA","@id":"https:\/\/cpvegoil.com\/quebec\/#\/schema\/logo\/image\/","url":"https:\/\/cpvegoil.com\/quebec\/wp-content\/uploads\/2015\/09\/logo-cp.png","contentUrl":"https:\/\/cpvegoil.com\/quebec\/wp-content\/uploads\/2015\/09\/logo-cp.png","width":229,"height":144,"caption":"Les huiles v\u00e9g\u00e9tales C.P. Inc."},"image":{"@id":"https:\/\/cpvegoil.com\/quebec\/#\/schema\/logo\/image\/"}}]}},"_links":{"self":[{"href":"https:\/\/cpvegoil.com\/quebec\/wp-json\/wp\/v2\/pages\/1786","targetHints":{"allow":["GET"]}}],"collection":[{"href":"https:\/\/cpvegoil.com\/quebec\/wp-json\/wp\/v2\/pages"}],"about":[{"href":"https:\/\/cpvegoil.com\/quebec\/wp-json\/wp\/v2\/types\/page"}],"author":[{"embeddable":true,"href":"https:\/\/cpvegoil.com\/quebec\/wp-json\/wp\/v2\/users\/101014"}],"replies":[{"embeddable":true,"href":"https:\/\/cpvegoil.com\/quebec\/wp-json\/wp\/v2\/comments?post=1786"}],"version-history":[{"count":2,"href":"https:\/\/cpvegoil.com\/quebec\/wp-json\/wp\/v2\/pages\/1786\/revisions"}],"predecessor-version":[{"id":1884,"href":"https:\/\/cpvegoil.com\/quebec\/wp-json\/wp\/v2\/pages\/1786\/revisions\/1884"}],"wp:attachment":[{"href":"https:\/\/cpvegoil.com\/quebec\/wp-json\/wp\/v2\/media?parent=1786"}],"curies":[{"name":"wp","href":"https:\/\/api.w.org\/{rel}","templated":true}]}}