{"id":1790,"date":"2026-01-22T14:52:08","date_gmt":"2026-01-22T19:52:08","guid":{"rendered":"https:\/\/cpvegoil.com\/?page_id=1790"},"modified":"2026-01-26T09:29:40","modified_gmt":"2026-01-26T14:29:40","slug":"career","status":"publish","type":"page","link":"https:\/\/cpvegoil.com\/quebec\/en\/career\/","title":{"rendered":"Career"},"content":{"rendered":"<div class=\"wpb-content-wrapper\"><p>[vc_row parallax_speed=\u00a0\u00bb5&Prime; parallax_x=\u00a0\u00bb0&Prime; parallax_y=\u00a0\u00bb0&Prime; css=\u00a0\u00bb.vc_custom_1447010628516{padding-bottom: 60px !important;background-color: #ffffff !important;}\u00a0\u00bb][vc_column][vc_column_text css=\u00a0\u00bb\u00a0\u00bb]<\/p>\n<blockquote>\n<p style=\"text-align: center;\">We are committed to recognizing and valuing the work of every member of our team.<\/p>\n<\/blockquote>\n<p>[\/vc_column_text][\/vc_column][\/vc_row][vc_row parallax_speed=\u00a0\u00bb5&Prime; parallax_x=\u00a0\u00bb0&Prime; parallax_y=\u00a0\u00bb0&Prime; css=\u00a0\u00bb.vc_custom_1447010847488{padding-top: 40px !important;padding-bottom: 40px !important;background-color: #f4f4f4 !important;}\u00a0\u00bb][vc_column width=\u00a0\u00bb1\/4&Prime;][vc_column_text css=\u00a0\u00bb\u00a0\u00bb]<\/p>\n<h4>Continuous evolution<\/h4>\n<p>Our goal is to evolve continuously and stay at the forefront of market trends in order to offer our customers the best products available and to continuously improve the quality of our service.[\/vc_column_text][\/vc_column][vc_column width=\u00a0\u00bb1\/4&Prime;][vc_column_text css=\u00a0\u00bb\u00a0\u00bb]<\/p>\n<h4>Our Specialty and Passion<\/h4>\n<p>We are the leading specialists and pioneers in the bulk vegetable oil distribution industry, and our passion for quality and performance allows us to remain at the forefront of this sector.<\/p>\n<h5><\/h5>\n<p>[\/vc_column_text][\/vc_column][vc_column width=\u00a0\u00bb1\/4&Prime;][vc_column_text css=\u00a0\u00bb\u00a0\u00bb]<\/p>\n<h4>Our Strength: People<\/h4>\n<p>Our greatest strength is service. Thanks to their commitment and dedication to our customers, the members of our team are the true value of our company.[\/vc_column_text][\/vc_column][vc_column width=\u00a0\u00bb1\/4&Prime;][vc_column_text css=\u00a0\u00bb\u00a0\u00bb]<\/p>\n<h4>A Valued Team<\/h4>\n<p>To foster our entrepreneurial spirit and strengthen our position in the industry, we value:<\/p>\n<ul>\n<li>Individual and collective achievements<\/li>\n<li>Employee autonomy<\/li>\n<li>Each person\u2019s unique talents<\/li>\n<\/ul>\n<p>&nbsp;[\/vc_column_text][\/vc_column][\/vc_row][vc_row parallax_speed=\u00a0\u00bb5&Prime; parallax_x=\u00a0\u00bb0&Prime; parallax_y=\u00a0\u00bb0&Prime; css=\u00a0\u00bb.vc_custom_1447010945580{padding-bottom: 40px !important;background-color: #f4f4f4 !important;}\u00a0\u00bb][vc_column width=\u00a0\u00bb1\/2&Prime;][vc_single_image image=\u00a0\u00bb870&Prime; img_size=\u00a0\u00bbfull\u00a0\u00bb][\/vc_column][vc_column width=\u00a0\u00bb1\/2&Prime;][vc_column_text css=\u00a0\u00bb\u00a0\u00bb]<\/p>\n<h4>Our Values<\/h4>\n<p>If you wish to join our team, you should share our values and ambitions:<\/p>\n<ul>\n<li>Commitment to quality (and yes, cleanliness!)<\/li>\n<li>Constant focus on providing excellent service to every customer<\/li>\n<li>Strong team spirit<\/li>\n<li>Open-mindedness<\/li>\n<li>Passion for innovation and optimization<\/li>\n<li>Desire to take on challenges<\/li>\n<\/ul>\n<p>&nbsp;[\/vc_column_text][\/vc_column][\/vc_row][vc_row parallax_speed=\u00a0\u00bb5&Prime; parallax_x=\u00a0\u00bb0&Prime; parallax_y=\u00a0\u00bb0&Prime; css=\u00a0\u00bb.vc_custom_1447078066627{padding-top: 20px !important;}\u00a0\u00bb][vc_column][vc_column_text css=\u00a0\u00bb.vc_custom_1769437730509{padding-bottom: 60px !important;}\u00a0\u00bb]<\/p>\n<blockquote>\n<p style=\"text-align: center;\">Join a Passionate Team!<\/p>\n<\/blockquote>\n<p>[\/vc_column_text][\/vc_column][\/vc_row][vc_row parallax_speed=\u00a0\u00bb5&Prime; parallax_x=\u00a0\u00bb0&Prime; parallax_y=\u00a0\u00bb0&Prime; css=\u00a0\u00bb.vc_custom_1447011133662{padding-bottom: 30px !important;background-color: #ffffff !important;}\u00a0\u00bb][vc_column width=\u00a0\u00bb1\/2&Prime;][vc_column_text css=\u00a0\u00bb\u00a0\u00bb]<\/p>\n<h4>Apply Online<\/h4>\n<p>We offer a variety of exciting and rewarding career opportunities within our company. To apply, please submit your r\u00e9sum\u00e9 using the form provided:[\/vc_column_text][\/vc_column][vc_column width=\u00a0\u00bb1\/2&Prime;]\n<div class=\"wpcf7 no-js\" id=\"wpcf7-f1464-o1\" lang=\"\" dir=\"ltr\" data-wpcf7-id=\"1464\">\n<div class=\"screen-reader-response\"><p role=\"status\" aria-live=\"polite\" aria-atomic=\"true\"><\/p> <ul><\/ul><\/div>\n<form action=\"\/quebec\/wp-json\/wp\/v2\/pages\/1790#wpcf7-f1464-o1\" method=\"post\" class=\"wpcf7-form init\" aria-label=\"Contact form\" enctype=\"multipart\/form-data\" novalidate=\"novalidate\" data-status=\"init\">\n<fieldset class=\"hidden-fields-container\"><input type=\"hidden\" name=\"_wpcf7\" value=\"1464\" \/><input type=\"hidden\" name=\"_wpcf7_version\" value=\"6.1.5\" \/><input type=\"hidden\" name=\"_wpcf7_locale\" value=\"\" \/><input type=\"hidden\" name=\"_wpcf7_unit_tag\" value=\"wpcf7-f1464-o1\" \/><input type=\"hidden\" name=\"_wpcf7_container_post\" value=\"0\" \/><input type=\"hidden\" name=\"_wpcf7_posted_data_hash\" value=\"\" \/><input type=\"hidden\" name=\"_wpcf7_recaptcha_response\" value=\"\" \/>\n<\/fieldset>\n<div class=\"quick-appoinment\">\n\t<div class=\"row\">\n\t\t<div class=\"columns columns-12\">\n\t\t\t<p><span class=\"wpcf7-form-control-wrap\" data-name=\"text-691\"><input size=\"40\" maxlength=\"400\" class=\"wpcf7-form-control wpcf7-text wpcf7-validates-as-required\" aria-required=\"true\" aria-invalid=\"false\" placeholder=\"Name*\" value=\"\" type=\"text\" name=\"text-691\" \/><\/span>\n\t\t\t<\/p>\n\t\t<\/div>\n\t<\/div>\n\t<div class=\"row\">\n\t\t<div class=\"columns columns-6\">\n\t\t\t<p><span class=\"wpcf7-form-control-wrap\" data-name=\"email-262\"><input size=\"40\" maxlength=\"400\" class=\"wpcf7-form-control wpcf7-email wpcf7-validates-as-required wpcf7-text wpcf7-validates-as-email\" aria-required=\"true\" aria-invalid=\"false\" placeholder=\"E-mail*\" value=\"\" type=\"email\" name=\"email-262\" \/><\/span>\n\t\t\t<\/p>\n\t\t<\/div>\n\t\t<div class=\"columns columns-6\">\n\t\t\t<p><span class=\"wpcf7-form-control-wrap\" data-name=\"tel-998\"><input size=\"40\" maxlength=\"400\" class=\"wpcf7-form-control wpcf7-tel wpcf7-text wpcf7-validates-as-tel\" aria-invalid=\"false\" placeholder=\"Phone*\" value=\"\" type=\"tel\" name=\"tel-998\" \/><\/span>\n\t\t\t<\/p>\n\t\t<\/div>\n\t<\/div>\n\t<div class=\"row\">\n\t\t<div class=\"columns columns-12\">\n\t\t\t<p><span class=\"wpcf7-form-control-wrap\" data-name=\"textarea-501\"><textarea cols=\"40\" rows=\"3\" maxlength=\"2000\" class=\"wpcf7-form-control wpcf7-textarea\" aria-invalid=\"false\" placeholder=\"Message\" name=\"textarea-501\"><\/textarea><\/span>\n\t\t\t<\/p>\n\t\t<\/div>\n\t<\/div>\n\t<div class=\"row\">\n\t\t<div class=\"columns columns-12\">\n\t\t\t<p><span class=\"wpcf7-form-control-wrap\" data-name=\"file-441\"><input size=\"40\" class=\"wpcf7-form-control wpcf7-file\" accept=\".pdf,.doc,.docx\" aria-invalid=\"false\" type=\"file\" name=\"file-441\" \/><\/span>\n\t\t\t<\/p>\n\t\t<\/div>\n\t<\/div>\n\t<div class=\"row\">\n\t\t<div class=\"columns columns-12\">\n\t\t\t<p><input class=\"wpcf7-form-control wpcf7-submit has-spinner\" type=\"submit\" value=\"Send\" \/>\n\t\t\t<\/p>\n\t\t<\/div>\n\t<\/div>\n<\/div><div class=\"wpcf7-response-output\" aria-hidden=\"true\"><\/div>\n<\/form>\n<\/div>\n[\/vc_column][\/vc_row]<\/p>\n<\/div>","protected":false},"excerpt":{"rendered":"<p>[vc_row parallax_speed=\u00a0\u00bb5&Prime; parallax_x=\u00a0\u00bb0&Prime; parallax_y=\u00a0\u00bb0&Prime; css=\u00a0\u00bb.vc_custom_1447010628516{padding-bottom: 60px !important;background-color: #ffffff !important;}\u00a0\u00bb][vc_column][vc_column_text css=\u00a0\u00bb\u00a0\u00bb] We are committed to recognizing and valuing the work of [&hellip;]<\/p>\n","protected":false},"author":101014,"featured_media":0,"parent":0,"menu_order":0,"comment_status":"closed","ping_status":"closed","template":"","meta":{"site-sidebar-layout":"no-sidebar","site-content-layout":"plain-container","ast-site-content-layout":"default","site-content-style":"default","site-sidebar-style":"default","ast-global-header-display":"","ast-banner-title-visibility":"","ast-main-header-display":"","ast-hfb-above-header-display":"","ast-hfb-below-header-display":"","ast-hfb-mobile-header-display":"","site-post-title":"disabled","ast-breadcrumbs-content":"","ast-featured-img":"disabled","footer-sml-layout":"","ast-disable-related-posts":"","theme-transparent-header-meta":"default","adv-header-id-meta":"","stick-header-meta":"","header-above-stick-meta":"","header-main-stick-meta":"","header-below-stick-meta":"","astra-migrate-meta-layouts":"set","ast-page-background-enabled":"default","ast-page-background-meta":{"desktop":{"background-color":"var(--ast-global-color-5)","background-image":"","background-repeat":"repeat","background-position":"center center","background-size":"auto","background-attachment":"scroll","background-type":"","background-media":"","overlay-type":"","overlay-color":"","overlay-opacity":"","overlay-gradient":""},"tablet":{"background-color":"","background-image":"","background-repeat":"repeat","background-position":"center center","background-size":"auto","background-attachment":"scroll","background-type":"","background-media":"","overlay-type":"","overlay-color":"","overlay-opacity":"","overlay-gradient":""},"mobile":{"background-color":"","background-image":"","background-repeat":"repeat","background-position":"center center","background-size":"auto","background-attachment":"scroll","background-type":"","background-media":"","overlay-type":"","overlay-color":"","overlay-opacity":"","overlay-gradient":""}},"ast-content-background-meta":{"desktop":{"background-color":"var(--ast-global-color-4)","background-image":"","background-repeat":"repeat","background-position":"center center","background-size":"auto","background-attachment":"scroll","background-type":"","background-media":"","overlay-type":"","overlay-color":"","overlay-opacity":"","overlay-gradient":""},"tablet":{"background-color":"var(--ast-global-color-4)","background-image":"","background-repeat":"repeat","background-position":"center center","background-size":"auto","background-attachment":"scroll","background-type":"","background-media":"","overlay-type":"","overlay-color":"","overlay-opacity":"","overlay-gradient":""},"mobile":{"background-color":"var(--ast-global-color-4)","background-image":"","background-repeat":"repeat","background-position":"center center","background-size":"auto","background-attachment":"scroll","background-type":"","background-media":"","overlay-type":"","overlay-color":"","overlay-opacity":"","overlay-gradient":""}},"footnotes":""},"class_list":["post-1790","page","type-page","status-publish","hentry"],"yoast_head":"<!-- This site is optimized with the Yoast SEO plugin v27.3 - https:\/\/yoast.com\/product\/yoast-seo-wordpress\/ -->\n<title>Career - Les huiles v\u00e9g\u00e9tales C.P. Inc.<\/title>\n<meta name=\"robots\" content=\"index, follow, max-snippet:-1, max-image-preview:large, max-video-preview:-1\" \/>\n<link rel=\"canonical\" href=\"https:\/\/cpvegoil.com\/quebec\/en\/career\/\" \/>\n<meta property=\"og:locale\" content=\"fr_CA\" \/>\n<meta property=\"og:type\" content=\"article\" \/>\n<meta property=\"og:title\" content=\"Career - Les huiles v\u00e9g\u00e9tales C.P. Inc.\" \/>\n<meta property=\"og:description\" content=\"[vc_row parallax_speed=\u00a0\u00bb5&Prime; parallax_x=\u00a0\u00bb0&Prime; parallax_y=\u00a0\u00bb0&Prime; css=\u00a0\u00bb.vc_custom_1447010628516{padding-bottom: 60px !important;background-color: #ffffff !important;}\u00a0\u00bb][vc_column][vc_column_text css=\u00a0\u00bb\u00a0\u00bb] We are committed to recognizing and valuing the work of [&hellip;]\" \/>\n<meta property=\"og:url\" content=\"https:\/\/cpvegoil.com\/quebec\/en\/career\/\" \/>\n<meta property=\"og:site_name\" content=\"Les huiles v\u00e9g\u00e9tales C.P. Inc.\" \/>\n<meta property=\"article:modified_time\" content=\"2026-01-26T14:29:40+00:00\" \/>\n<meta name=\"twitter:card\" content=\"summary_large_image\" \/>\n<meta name=\"twitter:label1\" content=\"Estimation du temps de lecture\" \/>\n\t<meta name=\"twitter:data1\" content=\"2 minutes\" \/>\n<script type=\"application\/ld+json\" class=\"yoast-schema-graph\">{\"@context\":\"https:\\\/\\\/schema.org\",\"@graph\":[{\"@type\":\"WebPage\",\"@id\":\"https:\\\/\\\/cpvegoil.com\\\/quebec\\\/en\\\/career\\\/\",\"url\":\"https:\\\/\\\/cpvegoil.com\\\/quebec\\\/en\\\/career\\\/\",\"name\":\"Career - Les huiles v\u00e9g\u00e9tales C.P. Inc.\",\"isPartOf\":{\"@id\":\"https:\\\/\\\/cpvegoil.com\\\/quebec\\\/#website\"},\"datePublished\":\"2026-01-22T19:52:08+00:00\",\"dateModified\":\"2026-01-26T14:29:40+00:00\",\"breadcrumb\":{\"@id\":\"https:\\\/\\\/cpvegoil.com\\\/quebec\\\/en\\\/career\\\/#breadcrumb\"},\"inLanguage\":\"fr-CA\",\"potentialAction\":[{\"@type\":\"ReadAction\",\"target\":[\"https:\\\/\\\/cpvegoil.com\\\/quebec\\\/en\\\/career\\\/\"]}]},{\"@type\":\"BreadcrumbList\",\"@id\":\"https:\\\/\\\/cpvegoil.com\\\/quebec\\\/en\\\/career\\\/#breadcrumb\",\"itemListElement\":[{\"@type\":\"ListItem\",\"position\":1,\"name\":\"Accueil\",\"item\":\"https:\\\/\\\/cpvegoil.com\\\/quebec\\\/\"},{\"@type\":\"ListItem\",\"position\":2,\"name\":\"Career\"}]},{\"@type\":\"WebSite\",\"@id\":\"https:\\\/\\\/cpvegoil.com\\\/quebec\\\/#website\",\"url\":\"https:\\\/\\\/cpvegoil.com\\\/quebec\\\/\",\"name\":\"Les huiles v\u00e9g\u00e9tales C.P. Inc.\",\"description\":\"Nos clients, Notre priorit\u00e9\",\"publisher\":{\"@id\":\"https:\\\/\\\/cpvegoil.com\\\/quebec\\\/#organization\"},\"potentialAction\":[{\"@type\":\"SearchAction\",\"target\":{\"@type\":\"EntryPoint\",\"urlTemplate\":\"https:\\\/\\\/cpvegoil.com\\\/quebec\\\/?s={search_term_string}\"},\"query-input\":{\"@type\":\"PropertyValueSpecification\",\"valueRequired\":true,\"valueName\":\"search_term_string\"}}],\"inLanguage\":\"fr-CA\"},{\"@type\":\"Organization\",\"@id\":\"https:\\\/\\\/cpvegoil.com\\\/quebec\\\/#organization\",\"name\":\"Les huiles v\u00e9g\u00e9tales C.P. Inc.\",\"url\":\"https:\\\/\\\/cpvegoil.com\\\/quebec\\\/\",\"logo\":{\"@type\":\"ImageObject\",\"inLanguage\":\"fr-CA\",\"@id\":\"https:\\\/\\\/cpvegoil.com\\\/quebec\\\/#\\\/schema\\\/logo\\\/image\\\/\",\"url\":\"https:\\\/\\\/cpvegoil.com\\\/quebec\\\/wp-content\\\/uploads\\\/2015\\\/09\\\/logo-cp.png\",\"contentUrl\":\"https:\\\/\\\/cpvegoil.com\\\/quebec\\\/wp-content\\\/uploads\\\/2015\\\/09\\\/logo-cp.png\",\"width\":229,\"height\":144,\"caption\":\"Les huiles v\u00e9g\u00e9tales C.P. Inc.\"},\"image\":{\"@id\":\"https:\\\/\\\/cpvegoil.com\\\/quebec\\\/#\\\/schema\\\/logo\\\/image\\\/\"}}]}<\/script>\n<!-- \/ Yoast SEO plugin. -->","yoast_head_json":{"title":"Career - Les huiles v\u00e9g\u00e9tales C.P. Inc.","robots":{"index":"index","follow":"follow","max-snippet":"max-snippet:-1","max-image-preview":"max-image-preview:large","max-video-preview":"max-video-preview:-1"},"canonical":"https:\/\/cpvegoil.com\/quebec\/en\/career\/","og_locale":"fr_CA","og_type":"article","og_title":"Career - Les huiles v\u00e9g\u00e9tales C.P. Inc.","og_description":"[vc_row parallax_speed=\u00a0\u00bb5&Prime; parallax_x=\u00a0\u00bb0&Prime; parallax_y=\u00a0\u00bb0&Prime; css=\u00a0\u00bb.vc_custom_1447010628516{padding-bottom: 60px !important;background-color: #ffffff !important;}\u00a0\u00bb][vc_column][vc_column_text css=\u00a0\u00bb\u00a0\u00bb] We are committed to recognizing and valuing the work of [&hellip;]","og_url":"https:\/\/cpvegoil.com\/quebec\/en\/career\/","og_site_name":"Les huiles v\u00e9g\u00e9tales C.P. Inc.","article_modified_time":"2026-01-26T14:29:40+00:00","twitter_card":"summary_large_image","twitter_misc":{"Estimation du temps de lecture":"2 minutes"},"schema":{"@context":"https:\/\/schema.org","@graph":[{"@type":"WebPage","@id":"https:\/\/cpvegoil.com\/quebec\/en\/career\/","url":"https:\/\/cpvegoil.com\/quebec\/en\/career\/","name":"Career - Les huiles v\u00e9g\u00e9tales C.P. Inc.","isPartOf":{"@id":"https:\/\/cpvegoil.com\/quebec\/#website"},"datePublished":"2026-01-22T19:52:08+00:00","dateModified":"2026-01-26T14:29:40+00:00","breadcrumb":{"@id":"https:\/\/cpvegoil.com\/quebec\/en\/career\/#breadcrumb"},"inLanguage":"fr-CA","potentialAction":[{"@type":"ReadAction","target":["https:\/\/cpvegoil.com\/quebec\/en\/career\/"]}]},{"@type":"BreadcrumbList","@id":"https:\/\/cpvegoil.com\/quebec\/en\/career\/#breadcrumb","itemListElement":[{"@type":"ListItem","position":1,"name":"Accueil","item":"https:\/\/cpvegoil.com\/quebec\/"},{"@type":"ListItem","position":2,"name":"Career"}]},{"@type":"WebSite","@id":"https:\/\/cpvegoil.com\/quebec\/#website","url":"https:\/\/cpvegoil.com\/quebec\/","name":"Les huiles v\u00e9g\u00e9tales C.P. Inc.","description":"Nos clients, Notre priorit\u00e9","publisher":{"@id":"https:\/\/cpvegoil.com\/quebec\/#organization"},"potentialAction":[{"@type":"SearchAction","target":{"@type":"EntryPoint","urlTemplate":"https:\/\/cpvegoil.com\/quebec\/?s={search_term_string}"},"query-input":{"@type":"PropertyValueSpecification","valueRequired":true,"valueName":"search_term_string"}}],"inLanguage":"fr-CA"},{"@type":"Organization","@id":"https:\/\/cpvegoil.com\/quebec\/#organization","name":"Les huiles v\u00e9g\u00e9tales C.P. Inc.","url":"https:\/\/cpvegoil.com\/quebec\/","logo":{"@type":"ImageObject","inLanguage":"fr-CA","@id":"https:\/\/cpvegoil.com\/quebec\/#\/schema\/logo\/image\/","url":"https:\/\/cpvegoil.com\/quebec\/wp-content\/uploads\/2015\/09\/logo-cp.png","contentUrl":"https:\/\/cpvegoil.com\/quebec\/wp-content\/uploads\/2015\/09\/logo-cp.png","width":229,"height":144,"caption":"Les huiles v\u00e9g\u00e9tales C.P. Inc."},"image":{"@id":"https:\/\/cpvegoil.com\/quebec\/#\/schema\/logo\/image\/"}}]}},"_links":{"self":[{"href":"https:\/\/cpvegoil.com\/quebec\/wp-json\/wp\/v2\/pages\/1790","targetHints":{"allow":["GET"]}}],"collection":[{"href":"https:\/\/cpvegoil.com\/quebec\/wp-json\/wp\/v2\/pages"}],"about":[{"href":"https:\/\/cpvegoil.com\/quebec\/wp-json\/wp\/v2\/types\/page"}],"author":[{"embeddable":true,"href":"https:\/\/cpvegoil.com\/quebec\/wp-json\/wp\/v2\/users\/101014"}],"replies":[{"embeddable":true,"href":"https:\/\/cpvegoil.com\/quebec\/wp-json\/wp\/v2\/comments?post=1790"}],"version-history":[{"count":2,"href":"https:\/\/cpvegoil.com\/quebec\/wp-json\/wp\/v2\/pages\/1790\/revisions"}],"predecessor-version":[{"id":1887,"href":"https:\/\/cpvegoil.com\/quebec\/wp-json\/wp\/v2\/pages\/1790\/revisions\/1887"}],"wp:attachment":[{"href":"https:\/\/cpvegoil.com\/quebec\/wp-json\/wp\/v2\/media?parent=1790"}],"curies":[{"name":"wp","href":"https:\/\/api.w.org\/{rel}","templated":true}]}}