{"id":1809,"date":"2026-01-22T15:00:25","date_gmt":"2026-01-22T20:00:25","guid":{"rendered":"https:\/\/cpvegoil.com\/?page_id=1809"},"modified":"2026-01-26T09:25:53","modified_gmt":"2026-01-26T14:25:53","slug":"bulk-containers","status":"publish","type":"page","link":"https:\/\/cpvegoil.com\/quebec\/en\/bulk-containers\/","title":{"rendered":"Bulk containers"},"content":{"rendered":"<div class=\"wpb-content-wrapper\"><p>[vc_row parallax_speed=\u00a0\u00bb5&Prime; parallax_x=\u00a0\u00bb0&Prime; parallax_y=\u00a0\u00bb0&Prime; css=\u00a0\u00bb.vc_custom_1450382764358{padding-top: 40px !important;padding-bottom: 40px !important;background-color: #ffffff !important;}\u00a0\u00bb][vc_column width=\u00a0\u00bb1\/3&Prime;][vc_column_text css=\u00a0\u00bb.vc_custom_1460396603935{padding-bottom: 30px !important;}\u00a0\u00bb]<\/p>\n<h2><strong>Totes 1000 l<\/strong><\/h2>\n<p>[\/vc_column_text][vc_column_text css=\u00a0\u00bb.vc_custom_1769437270269{padding-bottom: 40px !important;}\u00a0\u00bb]The tote is the most commonly used container for transporting and distributing bulk materials across all industries. This 1,000-liter container is suitable for nearly any application, whether industrial or manufacturing. We will provide the necessary equipment to ensure the tank integrates easily with your production facilities.[\/vc_column_text][vc_btn title=\u00a0\u00bbTechnical Data Sheet\u00a0\u00bb align=\u00a0\u00bbleft\u00a0\u00bb i_icon_fontawesome=\u00a0\u00bb\u00a0\u00bb css=\u00a0\u00bb\u00a0\u00bb add_icon=\u00a0\u00bbtrue\u00a0\u00bb link=\u00a0\u00bburl:https%3A%2F%2Fcpvegoil.com%2Fquebec%2Fwp-content%2Fuploads%2F2016%2F04%2FDCP_Fiche_tote.pdf||target:%20_blank\u00a0\u00bb][\/vc_column][vc_column width=\u00a0\u00bb2\/3&Prime;][vc_single_image image=\u00a0\u00bb1071&Prime; img_size=\u00a0\u00bbfull\u00a0\u00bb alignment=\u00a0\u00bbcenter\u00a0\u00bb][\/vc_column][\/vc_row][vc_row parallax_speed=\u00a0\u00bb5&Prime; parallax_x=\u00a0\u00bb0&Prime; parallax_y=\u00a0\u00bb0&Prime; css=\u00a0\u00bb.vc_custom_1450383002053{padding-top: 20px !important;background-color: #f4f4f4 !important;}\u00a0\u00bb][vc_column width=\u00a0\u00bb1\/2&Prime;][vc_column_text css=\u00a0\u00bb.vc_custom_1769437454535{margin-bottom: 30px !important;}\u00a0\u00bb]<\/p>\n<h4>General Specifications<\/h4>\n<ul>\n<li>Capacity of over 1,000 liters<\/li>\n<li>Tanks made of food-grade high-density polyethylene (HDPE)<\/li>\n<li>6-inch lid with vents<\/li>\n<li>Reinforcing cage made of galvanized steel<\/li>\n<li>Valve protector available upon request<\/li>\n<li>Polypropylene spigot<\/li>\n<li>2-inch outlet: CAMLOCK, BUTTRESS, or NPT<\/li>\n<\/ul>\n<p>[\/vc_column_text][vc_column_text css=\u00a0\u00bb\u00a0\u00bb]<\/p>\n<h4>Dimensions<\/h4>\n<p>Tank Only<\/p>\n<ul>\n<li>Overall dimensions: 40 in (W) \u00d7 48 in (L) \u00d7 46 in (H)<\/li>\n<li>Ground clearance: 6 in<\/li>\n<\/ul>\n<p>&nbsp;[\/vc_column_text][\/vc_column][vc_column width=\u00a0\u00bb1\/2&Prime;][vc_column_text css=\u00a0\u00bb.vc_custom_1769437488681{margin-bottom: 30px !important;}\u00a0\u00bb]<\/p>\n<h4>Available Accessories or Options<\/h4>\n<ul>\n<li>Vent with dust filter*<\/li>\n<li>1-inch pouring nozzle*<\/li>\n<li>Food-grade hose*<\/li>\n<li>Pump delivery system*<\/li>\n<li>304\/316 stainless steel piping*<\/li>\n<li>Aluminum or stainless steel base*<\/li>\n<\/ul>\n<p>[\/vc_column_text][\/vc_column][\/vc_row][vc_row parallax_speed=\u00a0\u00bb5&Prime; parallax_x=\u00a0\u00bb0&Prime; parallax_y=\u00a0\u00bb0&Prime; css=\u00a0\u00bb.vc_custom_1450382960902{padding-top: 40px !important;padding-bottom: 40px !important;background-color: #f4f4f4 !important;}\u00a0\u00bb][vc_column][vc_separator][\/vc_column][\/vc_row][vc_row parallax_speed=\u00a0\u00bb5&Prime; parallax_x=\u00a0\u00bb0&Prime; parallax_y=\u00a0\u00bb0&Prime; css=\u00a0\u00bb.vc_custom_1450382936463{padding-bottom: 40px !important;background-color: #f4f4f4 !important;}\u00a0\u00bb][vc_column][vc_column_text css=\u00a0\u00bb\u00a0\u00bb]<em>* Additional fees may apply<\/em>[\/vc_column_text][\/vc_column][\/vc_row][vc_row parallax_speed=\u00a0\u00bb5&Prime; parallax_x=\u00a0\u00bb0&Prime; parallax_y=\u00a0\u00bb0&Prime; css=\u00a0\u00bb.vc_custom_1450361396965{margin-bottom: 0px !important;border-bottom-width: 0px !important;padding-top: 30px !important;padding-bottom: 0px !important;background-color: #ffffff !important;background-position: center !important;background-repeat: no-repeat !important;background-size: cover !important;}\u00a0\u00bb][vc_column][vc_row_inner css=\u00a0\u00bb.vc_custom_1447003704351{margin-bottom: 0px !important;border-bottom-width: 0px !important;padding-bottom: 0px !important;}\u00a0\u00bb][vc_column_inner width=\u00a0\u00bb3\/6&Prime; css=\u00a0\u00bb.vc_custom_1449852094649{padding-top: 10px !important;}\u00a0\u00bb][vc_column_text css=\u00a0\u00bb.vc_custom_1769437545054{padding-top: 10px !important;}\u00a0\u00bb]<\/p>\n<h3 style=\"text-align: center;\">Our Certifications<\/h3>\n<p>[\/vc_column_text][\/vc_column_inner][vc_column_inner width=\u00a0\u00bb1\/6&Prime;][vc_single_image image=\u00a0\u00bb1019&Prime; img_size=\u00a0\u00bbfull\u00a0\u00bb alignment=\u00a0\u00bbcenter\u00a0\u00bb][\/vc_column_inner][vc_column_inner width=\u00a0\u00bb1\/6&Prime;][vc_single_image image=\u00a0\u00bb1020&Prime; img_size=\u00a0\u00bbfull\u00a0\u00bb alignment=\u00a0\u00bbcenter\u00a0\u00bb][\/vc_column_inner][vc_column_inner width=\u00a0\u00bb1\/6&Prime;][vc_single_image image=\u00a0\u00bb1021&Prime; img_size=\u00a0\u00bbfull\u00a0\u00bb alignment=\u00a0\u00bbcenter\u00a0\u00bb][\/vc_column_inner][\/vc_row_inner][\/vc_column][\/vc_row]<\/p>\n<\/div>","protected":false},"excerpt":{"rendered":"<p>[vc_row parallax_speed=\u00a0\u00bb5&Prime; parallax_x=\u00a0\u00bb0&Prime; parallax_y=\u00a0\u00bb0&Prime; css=\u00a0\u00bb.vc_custom_1450382764358{padding-top: 40px !important;padding-bottom: 40px !important;background-color: #ffffff !important;}\u00a0\u00bb][vc_column width=\u00a0\u00bb1\/3&Prime;][vc_column_text css=\u00a0\u00bb.vc_custom_1460396603935{padding-bottom: 30px !important;}\u00a0\u00bb] Totes 1000 l [\/vc_column_text][vc_column_text css=\u00a0\u00bb.vc_custom_1769437270269{padding-bottom: [&hellip;]<\/p>\n","protected":false},"author":101014,"featured_media":0,"parent":0,"menu_order":0,"comment_status":"closed","ping_status":"closed","template":"","meta":{"site-sidebar-layout":"no-sidebar","site-content-layout":"plain-container","ast-site-content-layout":"default","site-content-style":"default","site-sidebar-style":"default","ast-global-header-display":"","ast-banner-title-visibility":"","ast-main-header-display":"","ast-hfb-above-header-display":"","ast-hfb-below-header-display":"","ast-hfb-mobile-header-display":"","site-post-title":"disabled","ast-breadcrumbs-content":"","ast-featured-img":"disabled","footer-sml-layout":"","ast-disable-related-posts":"","theme-transparent-header-meta":"default","adv-header-id-meta":"","stick-header-meta":"","header-above-stick-meta":"","header-main-stick-meta":"","header-below-stick-meta":"","astra-migrate-meta-layouts":"set","ast-page-background-enabled":"default","ast-page-background-meta":{"desktop":{"background-color":"var(--ast-global-color-5)","background-image":"","background-repeat":"repeat","background-position":"center center","background-size":"auto","background-attachment":"scroll","background-type":"","background-media":"","overlay-type":"","overlay-color":"","overlay-opacity":"","overlay-gradient":""},"tablet":{"background-color":"","background-image":"","background-repeat":"repeat","background-position":"center center","background-size":"auto","background-attachment":"scroll","background-type":"","background-media":"","overlay-type":"","overlay-color":"","overlay-opacity":"","overlay-gradient":""},"mobile":{"background-color":"","background-image":"","background-repeat":"repeat","background-position":"center center","background-size":"auto","background-attachment":"scroll","background-type":"","background-media":"","overlay-type":"","overlay-color":"","overlay-opacity":"","overlay-gradient":""}},"ast-content-background-meta":{"desktop":{"background-color":"var(--ast-global-color-4)","background-image":"","background-repeat":"repeat","background-position":"center center","background-size":"auto","background-attachment":"scroll","background-type":"","background-media":"","overlay-type":"","overlay-color":"","overlay-opacity":"","overlay-gradient":""},"tablet":{"background-color":"var(--ast-global-color-4)","background-image":"","background-repeat":"repeat","background-position":"center center","background-size":"auto","background-attachment":"scroll","background-type":"","background-media":"","overlay-type":"","overlay-color":"","overlay-opacity":"","overlay-gradient":""},"mobile":{"background-color":"var(--ast-global-color-4)","background-image":"","background-repeat":"repeat","background-position":"center center","background-size":"auto","background-attachment":"scroll","background-type":"","background-media":"","overlay-type":"","overlay-color":"","overlay-opacity":"","overlay-gradient":""}},"footnotes":""},"class_list":["post-1809","page","type-page","status-publish","hentry"],"yoast_head":"<!-- This site is optimized with the Yoast SEO plugin v27.3 - https:\/\/yoast.com\/product\/yoast-seo-wordpress\/ -->\n<title>Bulk containers - Les huiles v\u00e9g\u00e9tales C.P. Inc.<\/title>\n<meta name=\"robots\" content=\"index, follow, max-snippet:-1, max-image-preview:large, max-video-preview:-1\" \/>\n<link rel=\"canonical\" href=\"https:\/\/cpvegoil.com\/quebec\/en\/bulk-containers\/\" \/>\n<meta property=\"og:locale\" content=\"fr_CA\" \/>\n<meta property=\"og:type\" content=\"article\" \/>\n<meta property=\"og:title\" content=\"Bulk containers - Les huiles v\u00e9g\u00e9tales C.P. Inc.\" \/>\n<meta property=\"og:description\" content=\"[vc_row parallax_speed=\u00a0\u00bb5&Prime; parallax_x=\u00a0\u00bb0&Prime; parallax_y=\u00a0\u00bb0&Prime; css=\u00a0\u00bb.vc_custom_1450382764358{padding-top: 40px !important;padding-bottom: 40px !important;background-color: #ffffff !important;}\u00a0\u00bb][vc_column width=\u00a0\u00bb1\/3&Prime;][vc_column_text css=\u00a0\u00bb.vc_custom_1460396603935{padding-bottom: 30px !important;}\u00a0\u00bb] Totes 1000 l [\/vc_column_text][vc_column_text css=\u00a0\u00bb.vc_custom_1769437270269{padding-bottom: [&hellip;]\" \/>\n<meta property=\"og:url\" content=\"https:\/\/cpvegoil.com\/quebec\/en\/bulk-containers\/\" \/>\n<meta property=\"og:site_name\" content=\"Les huiles v\u00e9g\u00e9tales C.P. Inc.\" \/>\n<meta property=\"article:modified_time\" content=\"2026-01-26T14:25:53+00:00\" \/>\n<meta name=\"twitter:card\" content=\"summary_large_image\" \/>\n<meta name=\"twitter:label1\" content=\"Estimation du temps de lecture\" \/>\n\t<meta name=\"twitter:data1\" content=\"2 minutes\" \/>\n<script type=\"application\/ld+json\" class=\"yoast-schema-graph\">{\"@context\":\"https:\\\/\\\/schema.org\",\"@graph\":[{\"@type\":\"WebPage\",\"@id\":\"https:\\\/\\\/cpvegoil.com\\\/quebec\\\/en\\\/bulk-containers\\\/\",\"url\":\"https:\\\/\\\/cpvegoil.com\\\/quebec\\\/en\\\/bulk-containers\\\/\",\"name\":\"Bulk containers - Les huiles v\u00e9g\u00e9tales C.P. Inc.\",\"isPartOf\":{\"@id\":\"https:\\\/\\\/cpvegoil.com\\\/quebec\\\/#website\"},\"datePublished\":\"2026-01-22T20:00:25+00:00\",\"dateModified\":\"2026-01-26T14:25:53+00:00\",\"breadcrumb\":{\"@id\":\"https:\\\/\\\/cpvegoil.com\\\/quebec\\\/en\\\/bulk-containers\\\/#breadcrumb\"},\"inLanguage\":\"fr-CA\",\"potentialAction\":[{\"@type\":\"ReadAction\",\"target\":[\"https:\\\/\\\/cpvegoil.com\\\/quebec\\\/en\\\/bulk-containers\\\/\"]}]},{\"@type\":\"BreadcrumbList\",\"@id\":\"https:\\\/\\\/cpvegoil.com\\\/quebec\\\/en\\\/bulk-containers\\\/#breadcrumb\",\"itemListElement\":[{\"@type\":\"ListItem\",\"position\":1,\"name\":\"Accueil\",\"item\":\"https:\\\/\\\/cpvegoil.com\\\/quebec\\\/\"},{\"@type\":\"ListItem\",\"position\":2,\"name\":\"Bulk containers\"}]},{\"@type\":\"WebSite\",\"@id\":\"https:\\\/\\\/cpvegoil.com\\\/quebec\\\/#website\",\"url\":\"https:\\\/\\\/cpvegoil.com\\\/quebec\\\/\",\"name\":\"Les huiles v\u00e9g\u00e9tales C.P. Inc.\",\"description\":\"Nos clients, Notre priorit\u00e9\",\"publisher\":{\"@id\":\"https:\\\/\\\/cpvegoil.com\\\/quebec\\\/#organization\"},\"potentialAction\":[{\"@type\":\"SearchAction\",\"target\":{\"@type\":\"EntryPoint\",\"urlTemplate\":\"https:\\\/\\\/cpvegoil.com\\\/quebec\\\/?s={search_term_string}\"},\"query-input\":{\"@type\":\"PropertyValueSpecification\",\"valueRequired\":true,\"valueName\":\"search_term_string\"}}],\"inLanguage\":\"fr-CA\"},{\"@type\":\"Organization\",\"@id\":\"https:\\\/\\\/cpvegoil.com\\\/quebec\\\/#organization\",\"name\":\"Les huiles v\u00e9g\u00e9tales C.P. Inc.\",\"url\":\"https:\\\/\\\/cpvegoil.com\\\/quebec\\\/\",\"logo\":{\"@type\":\"ImageObject\",\"inLanguage\":\"fr-CA\",\"@id\":\"https:\\\/\\\/cpvegoil.com\\\/quebec\\\/#\\\/schema\\\/logo\\\/image\\\/\",\"url\":\"https:\\\/\\\/cpvegoil.com\\\/quebec\\\/wp-content\\\/uploads\\\/2015\\\/09\\\/logo-cp.png\",\"contentUrl\":\"https:\\\/\\\/cpvegoil.com\\\/quebec\\\/wp-content\\\/uploads\\\/2015\\\/09\\\/logo-cp.png\",\"width\":229,\"height\":144,\"caption\":\"Les huiles v\u00e9g\u00e9tales C.P. Inc.\"},\"image\":{\"@id\":\"https:\\\/\\\/cpvegoil.com\\\/quebec\\\/#\\\/schema\\\/logo\\\/image\\\/\"}}]}<\/script>\n<!-- \/ Yoast SEO plugin. -->","yoast_head_json":{"title":"Bulk containers - Les huiles v\u00e9g\u00e9tales C.P. Inc.","robots":{"index":"index","follow":"follow","max-snippet":"max-snippet:-1","max-image-preview":"max-image-preview:large","max-video-preview":"max-video-preview:-1"},"canonical":"https:\/\/cpvegoil.com\/quebec\/en\/bulk-containers\/","og_locale":"fr_CA","og_type":"article","og_title":"Bulk containers - Les huiles v\u00e9g\u00e9tales C.P. Inc.","og_description":"[vc_row parallax_speed=\u00a0\u00bb5&Prime; parallax_x=\u00a0\u00bb0&Prime; parallax_y=\u00a0\u00bb0&Prime; css=\u00a0\u00bb.vc_custom_1450382764358{padding-top: 40px !important;padding-bottom: 40px !important;background-color: #ffffff !important;}\u00a0\u00bb][vc_column width=\u00a0\u00bb1\/3&Prime;][vc_column_text css=\u00a0\u00bb.vc_custom_1460396603935{padding-bottom: 30px !important;}\u00a0\u00bb] Totes 1000 l [\/vc_column_text][vc_column_text css=\u00a0\u00bb.vc_custom_1769437270269{padding-bottom: [&hellip;]","og_url":"https:\/\/cpvegoil.com\/quebec\/en\/bulk-containers\/","og_site_name":"Les huiles v\u00e9g\u00e9tales C.P. Inc.","article_modified_time":"2026-01-26T14:25:53+00:00","twitter_card":"summary_large_image","twitter_misc":{"Estimation du temps de lecture":"2 minutes"},"schema":{"@context":"https:\/\/schema.org","@graph":[{"@type":"WebPage","@id":"https:\/\/cpvegoil.com\/quebec\/en\/bulk-containers\/","url":"https:\/\/cpvegoil.com\/quebec\/en\/bulk-containers\/","name":"Bulk containers - Les huiles v\u00e9g\u00e9tales C.P. Inc.","isPartOf":{"@id":"https:\/\/cpvegoil.com\/quebec\/#website"},"datePublished":"2026-01-22T20:00:25+00:00","dateModified":"2026-01-26T14:25:53+00:00","breadcrumb":{"@id":"https:\/\/cpvegoil.com\/quebec\/en\/bulk-containers\/#breadcrumb"},"inLanguage":"fr-CA","potentialAction":[{"@type":"ReadAction","target":["https:\/\/cpvegoil.com\/quebec\/en\/bulk-containers\/"]}]},{"@type":"BreadcrumbList","@id":"https:\/\/cpvegoil.com\/quebec\/en\/bulk-containers\/#breadcrumb","itemListElement":[{"@type":"ListItem","position":1,"name":"Accueil","item":"https:\/\/cpvegoil.com\/quebec\/"},{"@type":"ListItem","position":2,"name":"Bulk containers"}]},{"@type":"WebSite","@id":"https:\/\/cpvegoil.com\/quebec\/#website","url":"https:\/\/cpvegoil.com\/quebec\/","name":"Les huiles v\u00e9g\u00e9tales C.P. Inc.","description":"Nos clients, Notre priorit\u00e9","publisher":{"@id":"https:\/\/cpvegoil.com\/quebec\/#organization"},"potentialAction":[{"@type":"SearchAction","target":{"@type":"EntryPoint","urlTemplate":"https:\/\/cpvegoil.com\/quebec\/?s={search_term_string}"},"query-input":{"@type":"PropertyValueSpecification","valueRequired":true,"valueName":"search_term_string"}}],"inLanguage":"fr-CA"},{"@type":"Organization","@id":"https:\/\/cpvegoil.com\/quebec\/#organization","name":"Les huiles v\u00e9g\u00e9tales C.P. Inc.","url":"https:\/\/cpvegoil.com\/quebec\/","logo":{"@type":"ImageObject","inLanguage":"fr-CA","@id":"https:\/\/cpvegoil.com\/quebec\/#\/schema\/logo\/image\/","url":"https:\/\/cpvegoil.com\/quebec\/wp-content\/uploads\/2015\/09\/logo-cp.png","contentUrl":"https:\/\/cpvegoil.com\/quebec\/wp-content\/uploads\/2015\/09\/logo-cp.png","width":229,"height":144,"caption":"Les huiles v\u00e9g\u00e9tales C.P. Inc."},"image":{"@id":"https:\/\/cpvegoil.com\/quebec\/#\/schema\/logo\/image\/"}}]}},"_links":{"self":[{"href":"https:\/\/cpvegoil.com\/quebec\/wp-json\/wp\/v2\/pages\/1809","targetHints":{"allow":["GET"]}}],"collection":[{"href":"https:\/\/cpvegoil.com\/quebec\/wp-json\/wp\/v2\/pages"}],"about":[{"href":"https:\/\/cpvegoil.com\/quebec\/wp-json\/wp\/v2\/types\/page"}],"author":[{"embeddable":true,"href":"https:\/\/cpvegoil.com\/quebec\/wp-json\/wp\/v2\/users\/101014"}],"replies":[{"embeddable":true,"href":"https:\/\/cpvegoil.com\/quebec\/wp-json\/wp\/v2\/comments?post=1809"}],"version-history":[{"count":2,"href":"https:\/\/cpvegoil.com\/quebec\/wp-json\/wp\/v2\/pages\/1809\/revisions"}],"predecessor-version":[{"id":1886,"href":"https:\/\/cpvegoil.com\/quebec\/wp-json\/wp\/v2\/pages\/1809\/revisions\/1886"}],"wp:attachment":[{"href":"https:\/\/cpvegoil.com\/quebec\/wp-json\/wp\/v2\/media?parent=1809"}],"curies":[{"name":"wp","href":"https:\/\/api.w.org\/{rel}","templated":true}]}}