{"id":753,"date":"2015-09-01T17:12:48","date_gmt":"2015-09-01T21:12:48","guid":{"rendered":"https:\/\/cpvegoil.com\/?page_id=753"},"modified":"2026-01-22T14:45:03","modified_gmt":"2026-01-22T19:45:03","slug":"systeme-de-livraison","status":"publish","type":"page","link":"https:\/\/cpvegoil.com\/quebec\/systeme-de-livraison\/","title":{"rendered":"Syst\u00e8me de livraison"},"content":{"rendered":"<div class=\"wpb-content-wrapper\"><p>[vc_row parallax_speed=\u00a0\u00bb5&Prime; parallax_x=\u00a0\u00bb0&Prime; parallax_y=\u00a0\u00bb0&Prime; css=\u00a0\u00bb.vc_custom_1447006385699{padding-bottom: 50px !important;}\u00a0\u00bb][vc_column][vc_column_text]<\/p>\n<blockquote>\n<p style=\"text-align: center;\">Depuis plus de 30 ans, les Huiles v\u00e9g\u00e9tales CP\u00a0sont le pionnier de la distribution d\u2019huile v\u00e9g\u00e9tale\u00a0en vrac au Canada<\/p>\n<\/blockquote>\n<p>[\/vc_column_text][\/vc_column][\/vc_row][vc_row parallax_speed=\u00a0\u00bb5&Prime; parallax_x=\u00a0\u00bb0&Prime; parallax_y=\u00a0\u00bb0&Prime; css=\u00a0\u00bb.vc_custom_1450366460251{padding-top: 40px !important;background-color: #f4f4f4 !important;}\u00a0\u00bb][vc_column width=\u00a0\u00bb1\/4&Prime; css=\u00a0\u00bb.vc_custom_1450369987486{padding-top: 20px !important;}\u00a0\u00bb][vc_single_image image=\u00a0\u00bb919&Prime; img_size=\u00a0\u00bbfull\u00a0\u00bb css=\u00a0\u00bb.vc_custom_1447006332080{padding-bottom: 30px !important;}\u00a0\u00bb][\/vc_column][vc_column width=\u00a0\u00bb3\/4&Prime;][vc_column_text]<\/p>\n<h3>Personnalis\u00e9<\/h3>\n<p>Qu\u2019il s\u2019agisse d\u2019une livraison d\u2019aussi peu que 300 litres ou de plus de 35 000 litres, nous avons les ressources n\u00e9cessaires pour r\u00e9pondre \u00e0 tous les besoins des industries alimentaire, pharmaceutique et industrielle. Notre personnel form\u00e9 et qualifi\u00e9 saura satisfaire toutes les exigences n\u00e9cessaires \u00e0 vos besoins par un \u00e9ventail d\u2019\u00e9quipements et de r\u00e9servoirs adapt\u00e9s \u00e0 votre utilisation. Visitez notre section \u00c9quipements afin d&rsquo;en savoir plus[\/vc_column_text][\/vc_column][\/vc_row][vc_row parallax_speed=\u00a0\u00bb5&Prime; parallax_x=\u00a0\u00bb0&Prime; parallax_y=\u00a0\u00bb0&Prime; css=\u00a0\u00bb.vc_custom_1450369753402{padding-top: 40px !important;padding-bottom: 40px !important;background-color: #f4f4f4 !important;}\u00a0\u00bb][vc_column][vc_separator][\/vc_column][\/vc_row][vc_row parallax_speed=\u00a0\u00bb5&Prime; parallax_x=\u00a0\u00bb0&Prime; parallax_y=\u00a0\u00bb0&Prime; css=\u00a0\u00bb.vc_custom_1450366636409{background-color: #f4f4f4 !important;}\u00a0\u00bb][vc_column width=\u00a0\u00bb1\/4&Prime; css=\u00a0\u00bb.vc_custom_1450369945972{padding-top: 20px !important;}\u00a0\u00bb][vc_single_image image=\u00a0\u00bb918&Prime; img_size=\u00a0\u00bbfull\u00a0\u00bb css=\u00a0\u00bb.vc_custom_1447006288139{padding-bottom: 30px !important;}\u00a0\u00bb][\/vc_column][vc_column width=\u00a0\u00bb3\/4&Prime;][vc_column_text]<\/p>\n<h3>Efficace<\/h3>\n<p>Vous n\u2019aurez plus besoin de commander de l\u2019huile ! Notre syst\u00e8me de livraison optimis\u00e9 \u00e9tablira la fr\u00e9quence de livraison p\u00e9riodique id\u00e9ale pour le r\u00e9approvisionnement automatique de vos huiles. Avec notre flotte de camions-citernes, nous effectuons la livraison de plusieurs millions de litres annuellement \u00e0 travers tout le Qu\u00e9bec et l\u2019Ontario.[\/vc_column_text][\/vc_column][\/vc_row][vc_row parallax_speed=\u00a0\u00bb5&Prime; parallax_x=\u00a0\u00bb0&Prime; parallax_y=\u00a0\u00bb0&Prime; css=\u00a0\u00bb.vc_custom_1450369753402{padding-top: 40px !important;padding-bottom: 40px !important;background-color: #f4f4f4 !important;}\u00a0\u00bb][vc_column][vc_separator][\/vc_column][\/vc_row][vc_row parallax_speed=\u00a0\u00bb5&Prime; parallax_x=\u00a0\u00bb0&Prime; parallax_y=\u00a0\u00bb0&Prime; css=\u00a0\u00bb.vc_custom_1450366636409{background-color: #f4f4f4 !important;}\u00a0\u00bb][vc_column width=\u00a0\u00bb1\/4&Prime; css=\u00a0\u00bb.vc_custom_1450369997431{padding-top: 20px !important;}\u00a0\u00bb][vc_single_image image=\u00a0\u00bb917&Prime; img_size=\u00a0\u00bbfull\u00a0\u00bb css=\u00a0\u00bb.vc_custom_1450370148804{padding-bottom: 30px !important;}\u00a0\u00bb][\/vc_column][vc_column width=\u00a0\u00bb3\/4&Prime;][vc_column_text]<\/p>\n<h3>\u00c9cologique<\/h3>\n<p>Chaque ann\u00e9e, notre syst\u00e8me de distribution en vrac\u00a0permet d\u2019\u00e9liminer plus de 1 600 000 contenants de\u00a016 l\u00a0qui se retrouveraient en grande majorit\u00e9 dans les ordures. Ce syst\u00e8me de livraison d\u2019huiles v\u00e9g\u00e9tales en vrac vous permet d\u2019\u00e9conomiser temps et argent en plus de r\u00e9duire consid\u00e9rablement votre empreinte \u00e9cologique sur l\u2019environnement.[\/vc_column_text][\/vc_column][\/vc_row][vc_row parallax_speed=\u00a0\u00bb5&Prime; parallax_x=\u00a0\u00bb0&Prime; parallax_y=\u00a0\u00bb0&Prime; css=\u00a0\u00bb.vc_custom_1450369753402{padding-top: 40px !important;padding-bottom: 40px !important;background-color: #f4f4f4 !important;}\u00a0\u00bb][vc_column][vc_separator][\/vc_column][\/vc_row][vc_row parallax_speed=\u00a0\u00bb5&Prime; parallax_x=\u00a0\u00bb0&Prime; parallax_y=\u00a0\u00bb0&Prime; css=\u00a0\u00bb.vc_custom_1450366636409{background-color: #f4f4f4 !important;}\u00a0\u00bb][vc_column width=\u00a0\u00bb1\/4&Prime; css=\u00a0\u00bb.vc_custom_1450369887640{padding-top: 20px !important;}\u00a0\u00bb][vc_single_image image=\u00a0\u00bb870&Prime; img_size=\u00a0\u00bbfull\u00a0\u00bb css=\u00a0\u00bb.vc_custom_1450370282368{padding-bottom: 30px !important;}\u00a0\u00bb][\/vc_column][vc_column width=\u00a0\u00bb3\/4&Prime;][vc_column_text]<\/p>\n<h3>Qualit\u00e9 Sup\u00e9rieure<\/h3>\n<p>Nous fournissons des huiles v\u00e9g\u00e9tales de haute qualit\u00e9 \u00e0 l\u2019ensemble de l\u2019industrie alimentaire, de la restauration aux plus grands manufacturiers. Notre syst\u00e8me de livraison, tout comme la s\u00e9lection de nos produits, nos pratiques de travail ainsi que le choix de notre \u00e9quipement, ob\u00e9it aux plus hauts standards de l\u2019industrie. Nous sommes titulaires d\u2019une\u00a0certification BRC et op\u00e9rons selon les normes les plus exigeantes de l\u2019industrie. Nous ne livrons que la meilleure qualit\u00e9 d\u2019huile et garantissons la fra\u00eecheur et puret\u00e9 de tous nos produits.[\/vc_column_text][\/vc_column][\/vc_row][vc_row parallax_speed=\u00a0\u00bb5&Prime; parallax_x=\u00a0\u00bb0&Prime; parallax_y=\u00a0\u00bb0&Prime; css=\u00a0\u00bb.vc_custom_1450369753402{padding-top: 40px !important;padding-bottom: 40px !important;background-color: #f4f4f4 !important;}\u00a0\u00bb][vc_column][vc_separator][\/vc_column][\/vc_row][vc_row parallax_speed=\u00a0\u00bb5&Prime; parallax_x=\u00a0\u00bb0&Prime; parallax_y=\u00a0\u00bb0&Prime; css=\u00a0\u00bb.vc_custom_1449843345094{margin-bottom: 0px !important;border-bottom-width: 0px !important;padding-top: 30px !important;padding-bottom: 0px !important;background-color: #ffffff !important;background-position: center !important;background-repeat: no-repeat !important;background-size: cover !important;}\u00a0\u00bb][vc_column][vc_row_inner css=\u00a0\u00bb.vc_custom_1447003704351{margin-bottom: 0px !important;border-bottom-width: 0px !important;padding-bottom: 0px !important;}\u00a0\u00bb][vc_column_inner width=\u00a0\u00bb3\/6&Prime; css=\u00a0\u00bb.vc_custom_1449843279873{padding-top: 20px !important;}\u00a0\u00bb][vc_column_text css=\u00a0\u00bb.vc_custom_1449843255753{padding-top: 10px !important;}\u00a0\u00bb]<\/p>\n<h3 style=\"text-align: center;\">Nos certifications<\/h3>\n<p>[\/vc_column_text][\/vc_column_inner][vc_column_inner width=\u00a0\u00bb1\/6&Prime;][vc_single_image image=\u00a0\u00bb1019&Prime; img_size=\u00a0\u00bbfull\u00a0\u00bb alignment=\u00a0\u00bbcenter\u00a0\u00bb][\/vc_column_inner][vc_column_inner width=\u00a0\u00bb1\/6&Prime;][vc_single_image image=\u00a0\u00bb1020&Prime; img_size=\u00a0\u00bbfull\u00a0\u00bb alignment=\u00a0\u00bbcenter\u00a0\u00bb][\/vc_column_inner][vc_column_inner width=\u00a0\u00bb1\/6&Prime;][vc_single_image image=\u00a0\u00bb1021&Prime; img_size=\u00a0\u00bbfull\u00a0\u00bb alignment=\u00a0\u00bbcenter\u00a0\u00bb][\/vc_column_inner][\/vc_row_inner][\/vc_column][\/vc_row][vc_row][vc_column][\/vc_column][\/vc_row]<\/p>\n<\/div>","protected":false},"excerpt":{"rendered":"<p>[vc_row parallax_speed=\u00a0\u00bb5&Prime; parallax_x=\u00a0\u00bb0&Prime; parallax_y=\u00a0\u00bb0&Prime; css=\u00a0\u00bb.vc_custom_1447006385699{padding-bottom: 50px !important;}\u00a0\u00bb][vc_column][vc_column_text] Depuis plus de 30 ans, les Huiles v\u00e9g\u00e9tales CP\u00a0sont le pionnier de la [&hellip;]<\/p>\n","protected":false},"author":101014,"featured_media":0,"parent":0,"menu_order":0,"comment_status":"closed","ping_status":"closed","template":"","meta":{"site-sidebar-layout":"no-sidebar","site-content-layout":"plain-container","ast-site-content-layout":"default","site-content-style":"default","site-sidebar-style":"default","ast-global-header-display":"","ast-banner-title-visibility":"","ast-main-header-display":"","ast-hfb-above-header-display":"","ast-hfb-below-header-display":"","ast-hfb-mobile-header-display":"","site-post-title":"disabled","ast-breadcrumbs-content":"","ast-featured-img":"disabled","footer-sml-layout":"","ast-disable-related-posts":"","theme-transparent-header-meta":"default","adv-header-id-meta":"","stick-header-meta":"","header-above-stick-meta":"","header-main-stick-meta":"","header-below-stick-meta":"","astra-migrate-meta-layouts":"default","ast-page-background-enabled":"default","ast-page-background-meta":{"desktop":{"background-color":"var(--ast-global-color-5)","background-image":"","background-repeat":"repeat","background-position":"center center","background-size":"auto","background-attachment":"scroll","background-type":"","background-media":"","overlay-type":"","overlay-color":"","overlay-opacity":"","overlay-gradient":""},"tablet":{"background-color":"","background-image":"","background-repeat":"repeat","background-position":"center center","background-size":"auto","background-attachment":"scroll","background-type":"","background-media":"","overlay-type":"","overlay-color":"","overlay-opacity":"","overlay-gradient":""},"mobile":{"background-color":"","background-image":"","background-repeat":"repeat","background-position":"center center","background-size":"auto","background-attachment":"scroll","background-type":"","background-media":"","overlay-type":"","overlay-color":"","overlay-opacity":"","overlay-gradient":""}},"ast-content-background-meta":{"desktop":{"background-color":"var(--ast-global-color-4)","background-image":"","background-repeat":"repeat","background-position":"center center","background-size":"auto","background-attachment":"scroll","background-type":"","background-media":"","overlay-type":"","overlay-color":"","overlay-opacity":"","overlay-gradient":""},"tablet":{"background-color":"var(--ast-global-color-4)","background-image":"","background-repeat":"repeat","background-position":"center center","background-size":"auto","background-attachment":"scroll","background-type":"","background-media":"","overlay-type":"","overlay-color":"","overlay-opacity":"","overlay-gradient":""},"mobile":{"background-color":"var(--ast-global-color-4)","background-image":"","background-repeat":"repeat","background-position":"center center","background-size":"auto","background-attachment":"scroll","background-type":"","background-media":"","overlay-type":"","overlay-color":"","overlay-opacity":"","overlay-gradient":""}},"footnotes":""},"class_list":["post-753","page","type-page","status-publish","hentry"],"yoast_head":"<!-- This site is optimized with the Yoast SEO plugin v27.4 - https:\/\/yoast.com\/product\/yoast-seo-wordpress\/ -->\n<title>Syst\u00e8me de livraison - Les huiles v\u00e9g\u00e9tales C.P. Inc.<\/title>\n<meta name=\"robots\" content=\"index, follow, max-snippet:-1, max-image-preview:large, max-video-preview:-1\" \/>\n<link rel=\"canonical\" href=\"https:\/\/cpvegoil.com\/quebec\/systeme-de-livraison\/\" \/>\n<meta property=\"og:locale\" content=\"fr_CA\" \/>\n<meta property=\"og:type\" content=\"article\" \/>\n<meta property=\"og:title\" content=\"Syst\u00e8me de livraison - Les huiles v\u00e9g\u00e9tales C.P. Inc.\" \/>\n<meta property=\"og:description\" content=\"[vc_row parallax_speed=\u00a0\u00bb5&Prime; parallax_x=\u00a0\u00bb0&Prime; parallax_y=\u00a0\u00bb0&Prime; css=\u00a0\u00bb.vc_custom_1447006385699{padding-bottom: 50px !important;}\u00a0\u00bb][vc_column][vc_column_text] Depuis plus de 30 ans, les Huiles v\u00e9g\u00e9tales CP\u00a0sont le pionnier de la [&hellip;]\" \/>\n<meta property=\"og:url\" content=\"https:\/\/cpvegoil.com\/quebec\/systeme-de-livraison\/\" \/>\n<meta property=\"og:site_name\" content=\"Les huiles v\u00e9g\u00e9tales C.P. Inc.\" \/>\n<meta property=\"article:modified_time\" content=\"2026-01-22T19:45:03+00:00\" \/>\n<meta name=\"twitter:card\" content=\"summary_large_image\" \/>\n<meta name=\"twitter:label1\" content=\"Estimation du temps de lecture\" \/>\n\t<meta name=\"twitter:data1\" content=\"4 minutes\" \/>\n<script type=\"application\/ld+json\" class=\"yoast-schema-graph\">{\"@context\":\"https:\\\/\\\/schema.org\",\"@graph\":[{\"@type\":\"WebPage\",\"@id\":\"https:\\\/\\\/cpvegoil.com\\\/quebec\\\/systeme-de-livraison\\\/\",\"url\":\"https:\\\/\\\/cpvegoil.com\\\/quebec\\\/systeme-de-livraison\\\/\",\"name\":\"Syst\u00e8me de livraison - Les huiles v\u00e9g\u00e9tales C.P. Inc.\",\"isPartOf\":{\"@id\":\"https:\\\/\\\/cpvegoil.com\\\/quebec\\\/#website\"},\"datePublished\":\"2015-09-01T21:12:48+00:00\",\"dateModified\":\"2026-01-22T19:45:03+00:00\",\"breadcrumb\":{\"@id\":\"https:\\\/\\\/cpvegoil.com\\\/quebec\\\/systeme-de-livraison\\\/#breadcrumb\"},\"inLanguage\":\"fr-CA\",\"potentialAction\":[{\"@type\":\"ReadAction\",\"target\":[\"https:\\\/\\\/cpvegoil.com\\\/quebec\\\/systeme-de-livraison\\\/\"]}]},{\"@type\":\"BreadcrumbList\",\"@id\":\"https:\\\/\\\/cpvegoil.com\\\/quebec\\\/systeme-de-livraison\\\/#breadcrumb\",\"itemListElement\":[{\"@type\":\"ListItem\",\"position\":1,\"name\":\"Accueil\",\"item\":\"https:\\\/\\\/cpvegoil.com\\\/quebec\\\/\"},{\"@type\":\"ListItem\",\"position\":2,\"name\":\"Syst\u00e8me de livraison\"}]},{\"@type\":\"WebSite\",\"@id\":\"https:\\\/\\\/cpvegoil.com\\\/quebec\\\/#website\",\"url\":\"https:\\\/\\\/cpvegoil.com\\\/quebec\\\/\",\"name\":\"Les huiles v\u00e9g\u00e9tales C.P. Inc.\",\"description\":\"Nos clients, Notre priorit\u00e9\",\"publisher\":{\"@id\":\"https:\\\/\\\/cpvegoil.com\\\/quebec\\\/#organization\"},\"potentialAction\":[{\"@type\":\"SearchAction\",\"target\":{\"@type\":\"EntryPoint\",\"urlTemplate\":\"https:\\\/\\\/cpvegoil.com\\\/quebec\\\/?s={search_term_string}\"},\"query-input\":{\"@type\":\"PropertyValueSpecification\",\"valueRequired\":true,\"valueName\":\"search_term_string\"}}],\"inLanguage\":\"fr-CA\"},{\"@type\":\"Organization\",\"@id\":\"https:\\\/\\\/cpvegoil.com\\\/quebec\\\/#organization\",\"name\":\"Les huiles v\u00e9g\u00e9tales C.P. Inc.\",\"url\":\"https:\\\/\\\/cpvegoil.com\\\/quebec\\\/\",\"logo\":{\"@type\":\"ImageObject\",\"inLanguage\":\"fr-CA\",\"@id\":\"https:\\\/\\\/cpvegoil.com\\\/quebec\\\/#\\\/schema\\\/logo\\\/image\\\/\",\"url\":\"https:\\\/\\\/cpvegoil.com\\\/quebec\\\/wp-content\\\/uploads\\\/2015\\\/09\\\/logo-cp.png\",\"contentUrl\":\"https:\\\/\\\/cpvegoil.com\\\/quebec\\\/wp-content\\\/uploads\\\/2015\\\/09\\\/logo-cp.png\",\"width\":229,\"height\":144,\"caption\":\"Les huiles v\u00e9g\u00e9tales C.P. Inc.\"},\"image\":{\"@id\":\"https:\\\/\\\/cpvegoil.com\\\/quebec\\\/#\\\/schema\\\/logo\\\/image\\\/\"}}]}<\/script>\n<!-- \/ Yoast SEO plugin. -->","yoast_head_json":{"title":"Syst\u00e8me de livraison - Les huiles v\u00e9g\u00e9tales C.P. Inc.","robots":{"index":"index","follow":"follow","max-snippet":"max-snippet:-1","max-image-preview":"max-image-preview:large","max-video-preview":"max-video-preview:-1"},"canonical":"https:\/\/cpvegoil.com\/quebec\/systeme-de-livraison\/","og_locale":"fr_CA","og_type":"article","og_title":"Syst\u00e8me de livraison - Les huiles v\u00e9g\u00e9tales C.P. Inc.","og_description":"[vc_row parallax_speed=\u00a0\u00bb5&Prime; parallax_x=\u00a0\u00bb0&Prime; parallax_y=\u00a0\u00bb0&Prime; css=\u00a0\u00bb.vc_custom_1447006385699{padding-bottom: 50px !important;}\u00a0\u00bb][vc_column][vc_column_text] Depuis plus de 30 ans, les Huiles v\u00e9g\u00e9tales CP\u00a0sont le pionnier de la [&hellip;]","og_url":"https:\/\/cpvegoil.com\/quebec\/systeme-de-livraison\/","og_site_name":"Les huiles v\u00e9g\u00e9tales C.P. Inc.","article_modified_time":"2026-01-22T19:45:03+00:00","twitter_card":"summary_large_image","twitter_misc":{"Estimation du temps de lecture":"4 minutes"},"schema":{"@context":"https:\/\/schema.org","@graph":[{"@type":"WebPage","@id":"https:\/\/cpvegoil.com\/quebec\/systeme-de-livraison\/","url":"https:\/\/cpvegoil.com\/quebec\/systeme-de-livraison\/","name":"Syst\u00e8me de livraison - Les huiles v\u00e9g\u00e9tales C.P. Inc.","isPartOf":{"@id":"https:\/\/cpvegoil.com\/quebec\/#website"},"datePublished":"2015-09-01T21:12:48+00:00","dateModified":"2026-01-22T19:45:03+00:00","breadcrumb":{"@id":"https:\/\/cpvegoil.com\/quebec\/systeme-de-livraison\/#breadcrumb"},"inLanguage":"fr-CA","potentialAction":[{"@type":"ReadAction","target":["https:\/\/cpvegoil.com\/quebec\/systeme-de-livraison\/"]}]},{"@type":"BreadcrumbList","@id":"https:\/\/cpvegoil.com\/quebec\/systeme-de-livraison\/#breadcrumb","itemListElement":[{"@type":"ListItem","position":1,"name":"Accueil","item":"https:\/\/cpvegoil.com\/quebec\/"},{"@type":"ListItem","position":2,"name":"Syst\u00e8me de livraison"}]},{"@type":"WebSite","@id":"https:\/\/cpvegoil.com\/quebec\/#website","url":"https:\/\/cpvegoil.com\/quebec\/","name":"Les huiles v\u00e9g\u00e9tales C.P. Inc.","description":"Nos clients, Notre priorit\u00e9","publisher":{"@id":"https:\/\/cpvegoil.com\/quebec\/#organization"},"potentialAction":[{"@type":"SearchAction","target":{"@type":"EntryPoint","urlTemplate":"https:\/\/cpvegoil.com\/quebec\/?s={search_term_string}"},"query-input":{"@type":"PropertyValueSpecification","valueRequired":true,"valueName":"search_term_string"}}],"inLanguage":"fr-CA"},{"@type":"Organization","@id":"https:\/\/cpvegoil.com\/quebec\/#organization","name":"Les huiles v\u00e9g\u00e9tales C.P. Inc.","url":"https:\/\/cpvegoil.com\/quebec\/","logo":{"@type":"ImageObject","inLanguage":"fr-CA","@id":"https:\/\/cpvegoil.com\/quebec\/#\/schema\/logo\/image\/","url":"https:\/\/cpvegoil.com\/quebec\/wp-content\/uploads\/2015\/09\/logo-cp.png","contentUrl":"https:\/\/cpvegoil.com\/quebec\/wp-content\/uploads\/2015\/09\/logo-cp.png","width":229,"height":144,"caption":"Les huiles v\u00e9g\u00e9tales C.P. Inc."},"image":{"@id":"https:\/\/cpvegoil.com\/quebec\/#\/schema\/logo\/image\/"}}]}},"_links":{"self":[{"href":"https:\/\/cpvegoil.com\/quebec\/wp-json\/wp\/v2\/pages\/753","targetHints":{"allow":["GET"]}}],"collection":[{"href":"https:\/\/cpvegoil.com\/quebec\/wp-json\/wp\/v2\/pages"}],"about":[{"href":"https:\/\/cpvegoil.com\/quebec\/wp-json\/wp\/v2\/types\/page"}],"author":[{"embeddable":true,"href":"https:\/\/cpvegoil.com\/quebec\/wp-json\/wp\/v2\/users\/101014"}],"replies":[{"embeddable":true,"href":"https:\/\/cpvegoil.com\/quebec\/wp-json\/wp\/v2\/comments?post=753"}],"version-history":[{"count":20,"href":"https:\/\/cpvegoil.com\/quebec\/wp-json\/wp\/v2\/pages\/753\/revisions"}],"predecessor-version":[{"id":1590,"href":"https:\/\/cpvegoil.com\/quebec\/wp-json\/wp\/v2\/pages\/753\/revisions\/1590"}],"wp:attachment":[{"href":"https:\/\/cpvegoil.com\/quebec\/wp-json\/wp\/v2\/media?parent=753"}],"curies":[{"name":"wp","href":"https:\/\/api.w.org\/{rel}","templated":true}]}}